{"id":1978,"date":"2020-01-22T14:14:19","date_gmt":"2020-01-22T14:14:19","guid":{"rendered":"https:\/\/www.meterandcontrol.com\/?page_id=1978"},"modified":"2024-06-20T14:35:32","modified_gmt":"2024-06-20T14:35:32","slug":"sx401-g3-plc","status":"publish","type":"page","link":"https:\/\/www.meterandcontrol.com\/sr\/products\/ami-devices\/sx401-g3-plc\/","title":{"rendered":"Sx401-G3-PLC"},"content":{"rendered":"<div class=\"wpb-content-wrapper\"><p>[vc_row css_animation=&#8220;&#8220; row_type=&#8220;row&#8220; use_row_as_full_screen_section=&#8220;no&#8220; type=&#8220;full_width&#8220; angled_section=&#8220;no&#8220; text_align=&#8220;left&#8220; background_image_as_pattern=&#8220;without_pattern&#8220; row_negative_margin=&#8220;disable_negative_margin&#8220; padding_top=&#8220;40&#8243; padding_bottom=&#8220;70&#8243; z_index=&#8220;&#8220;][vc_column width=&#8220;1\/3&#8243;]<div class=\"qode-advanced-image-gallery  qode-aig-slider-type qode-large-space   \">\n\t<div class=\"qode-aig-slider qode-owl-slider\" data-number-of-items=\"1\" data-enable-loop=\"yes\" data-enable-autoplay=\"yes\" data-slider-speed=\"5000\" data-slider-speed-animation=\"600\" data-slider-padding=\"no\" data-enable-navigation=\"no\" data-enable-pagination=\"yes\">\n\t\t\t\t\t<div class=\"qode-aig-image\">\n\t\t\t\t\t\t\t\t\t<img loading=\"lazy\" decoding=\"async\" width=\"590\" height=\"600\" src=\"https:\/\/www.meterandcontrol.com\/wp-content\/uploads\/2020\/01\/MeterControl-ST401-G3-PLC-pametno-brojilo.jpg\" class=\"attachment-full size-full\" alt=\"MeterControl ST401 G3-PLC pametno brojilo\" srcset=\"https:\/\/www.meterandcontrol.com\/wp-content\/uploads\/2020\/01\/MeterControl-ST401-G3-PLC-pametno-brojilo.jpg 590w, https:\/\/www.meterandcontrol.com\/wp-content\/uploads\/2020\/01\/MeterControl-ST401-G3-PLC-pametno-brojilo-295x300.jpg 295w\" sizes=\"auto, (max-width: 590px) 100vw, 590px\" \/>\t\t\t\t\t<span class=\"aig-gallery-hover\">\n\t\t\t\t\t\t\t\t\t\t\t<\/span>\n\t\t\t\t\t\t\t<\/div>\n\t\t\t\t\t<div class=\"qode-aig-image\">\n\t\t\t\t\t\t\t\t\t<img loading=\"lazy\" decoding=\"async\" width=\"590\" height=\"600\" src=\"https:\/\/www.meterandcontrol.com\/wp-content\/uploads\/2020\/01\/MeterControl-SM401-G3-PLC-pametno-brojilo.jpg\" class=\"attachment-full size-full\" alt=\"MeterControl SM401 G3-PLC pametno brojilo\" srcset=\"https:\/\/www.meterandcontrol.com\/wp-content\/uploads\/2020\/01\/MeterControl-SM401-G3-PLC-pametno-brojilo.jpg 590w, https:\/\/www.meterandcontrol.com\/wp-content\/uploads\/2020\/01\/MeterControl-SM401-G3-PLC-pametno-brojilo-295x300.jpg 295w\" sizes=\"auto, (max-width: 590px) 100vw, 590px\" \/>\t\t\t\t\t<span class=\"aig-gallery-hover\">\n\t\t\t\t\t\t\t\t\t\t\t<\/span>\n\t\t\t\t\t\t\t<\/div>\n\t\t\t<\/div>\n<\/div>[vc_empty_space height=&#8220;60px&#8220;][vc_widget_sidebar sidebar_id=&#8220;integrated-sm&#8220;][\/vc_column][vc_column width=&#8220;2\/3&#8243;][vc_row_inner row_type=&#8220;row&#8220; type=&#8220;full_width&#8220; text_align=&#8220;left&#8220; side_padding=&#8220;1&#8243; css_animation=&#8220;&#8220;][vc_column_inner][vc_column_text]<\/p>\n<h1>Sx401 G3-PLC<\/h1>\n<p>[\/vc_column_text][vc_column_text]<span style=\"color: #808080;\"><strong><span class=\"EOP SCXW122162664\" data-ccp-props=\"{&quot;201341983&quot;:0,&quot;335559740&quot;:240}\">G3-PLC modem i prekida\u010dki modul<\/span><\/strong><\/span>[\/vc_column_text][vc_empty_space][vc_single_image image=&#8220;3139&#8243; img_size=&#8220;full&#8220; qode_css_animation=&#8220;&#8220;][vc_empty_space][vc_column_text]<span style=\"color: #808080;\">Sx401 G3-PLC su nova trofazna i monofazna pametna brojila za merenje elektri\u010dne energije u doma\u0107instvima, s integrisanim G3-PLC modemom i prekida\u010dkim modulom za daljinsko o\u010ditavanje i upravljanje potro\u0161njom. Sa mogu\u0107no\u0161\u0107u merenja razli\u010ditih elektri\u010dnih veli\u010dina, uklju\u010duju\u0107i i kvalitet elektri\u010dne energije, i velikim kapacitetom za skladi\u0161tenje profila optere\u0107enja, ova brojila su klju\u010dan izbor za kupce kojima je potreban kompletan uvid u funkcionisanje niskonaponske mre\u017ee. Robusna G3-PLC tehnologija u CENELEC A i FCC opsegu, zajedno sa interoperabilno\u0161\u0107u po IDIS 2 standardu, \u010dini da su Sx401 G3-PLC brojila pouzdana u radu i jednostavna za integraciju u postoje\u0107a okru\u017eenja. Sve funkcije su uskla\u0111ene sa slede\u0107im specifikacijama i standardima: IDIS, DLMS\/COSEM, IEC 62052-11, IEC 62053-21\/22\/23, EN 50470-1\/3 (MID), ITU G.9903\/08-2017 (G3-PLC), i M-Bus.<\/span>[\/vc_column_text][vc_empty_space][vc_column_text]<\/p>\n<p class=\"p1\"><span class=\"s1\" style=\"color: #005aa7;\"><b>Glavne karakteristike<br \/>\n<\/b><\/span><\/p>\n<p>[\/vc_column_text][vc_empty_space height=&#8220;16px&#8220;][vc_column_text el_class=&#8220;bullets&#8220;]<\/p>\n<ul>\n<li>Integrisani G3-PLC modem i prekida\u010dki modul<\/li>\n<li>Izbor dodatnih funkcijskih ulaza i izlaza na zahtev<br \/>\n(releji, impulsni izlazi, ulazi i dr.)<\/li>\n<li>Verzije za 230 V\/50Hz i 110 V\/60 Hz<\/li>\n<li>Merenje elektri\u010dnih veli\u010dina<\/li>\n<li>Visoka bezbednost podataka<\/li>\n<li>MID sertifikat<\/li>\n<li>IDIS interoperabilnost<\/li>\n<li>DLMS\/COSEM<\/li>\n<li>Merenje kvaliteta elektri\u010dne energije<\/li>\n<li>M-bus port za o\u010ditavanje G, W, H brojila<br \/>\n(Wireless M-bus na zahtev)<\/li>\n<\/ul>\n<p>[\/vc_column_text][vc_empty_space height=&#8220;35px&#8220;]<a  itemprop=\"url\" href=\"https:\/\/www.meterandcontrol.com\/wp-content\/uploads\/2024\/06\/MeterControl-Sx401-G3-PLC-pametna-brojila.pdf\" target=\"_self\" data-hover-background-color=#6c1583 data-hover-border-color=rgba(0,0,0,0.01)  class=\"qbutton  large center default\" style=\"color: #ffffff; border-color: rgba(0,0,0,0.01); font-style: normal; font-weight: 600; text-transform: none; font-size: 16px; letter-spacing: 0px; border-radius: 0px;-moz-border-radius: 0px;-webkit-border-radius: 0px; background-color: #005aa7;\">Preuzmite prospekt<i class=\"qode_icon_font_awesome fa fa-download qode_button_icon_element\" style=\"\" ><\/i><\/a>[\/vc_column_inner][\/vc_row_inner][\/vc_column][\/vc_row]<\/p>\n<\/div>","protected":false},"excerpt":{"rendered":"<p>[vc_row css_animation=&#8220;&#8220; row_type=&#8220;row&#8220; use_row_as_full_screen_section=&#8220;no&#8220; type=&#8220;full_width&#8220; angled_section=&#8220;no&#8220; text_align=&#8220;left&#8220; background_image_as_pattern=&#8220;without_pattern&#8220; row_negative_margin=&#8220;disable_negative_margin&#8220; padding_top=&#8220;40&#8243; padding_bottom=&#8220;70&#8243; z_index=&#8220;&#8220;][vc_column width=&#8220;1\/3&#8243;][vc_empty_space height=&#8220;60px&#8220;][vc_widget_sidebar sidebar_id=&#8220;integrated-sm&#8220;][\/vc_column][vc_column width=&#8220;2\/3&#8243;][vc_row_inner row_type=&#8220;row&#8220; type=&#8220;full_width&#8220; text_align=&#8220;left&#8220; side_padding=&#8220;1&#8243;&#8230;<\/p>\n","protected":false},"author":1,"featured_media":0,"parent":809,"menu_order":0,"comment_status":"closed","ping_status":"closed","template":"","meta":{"_acf_changed":false,"inline_featured_image":false,"footnotes":""},"class_list":["post-1978","page","type-page","status-publish","hentry"],"acf":[],"_links":{"self":[{"href":"https:\/\/www.meterandcontrol.com\/sr\/wp-json\/wp\/v2\/pages\/1978","targetHints":{"allow":["GET"]}}],"collection":[{"href":"https:\/\/www.meterandcontrol.com\/sr\/wp-json\/wp\/v2\/pages"}],"about":[{"href":"https:\/\/www.meterandcontrol.com\/sr\/wp-json\/wp\/v2\/types\/page"}],"author":[{"embeddable":true,"href":"https:\/\/www.meterandcontrol.com\/sr\/wp-json\/wp\/v2\/users\/1"}],"replies":[{"embeddable":true,"href":"https:\/\/www.meterandcontrol.com\/sr\/wp-json\/wp\/v2\/comments?post=1978"}],"version-history":[{"count":17,"href":"https:\/\/www.meterandcontrol.com\/sr\/wp-json\/wp\/v2\/pages\/1978\/revisions"}],"predecessor-version":[{"id":4682,"href":"https:\/\/www.meterandcontrol.com\/sr\/wp-json\/wp\/v2\/pages\/1978\/revisions\/4682"}],"up":[{"embeddable":true,"href":"https:\/\/www.meterandcontrol.com\/sr\/wp-json\/wp\/v2\/pages\/809"}],"wp:attachment":[{"href":"https:\/\/www.meterandcontrol.com\/sr\/wp-json\/wp\/v2\/media?parent=1978"}],"curies":[{"name":"wp","href":"https:\/\/api.w.org\/{rel}","templated":true}]}}