{"id":3086,"date":"2022-06-02T17:33:24","date_gmt":"2022-06-02T17:33:24","guid":{"rendered":"https:\/\/www.meterandcontrol.com\/?page_id=3086"},"modified":"2022-06-02T17:39:37","modified_gmt":"2022-06-02T17:39:37","slug":"uslovi-koriscenja","status":"publish","type":"page","link":"https:\/\/www.meterandcontrol.com\/sr\/uslovi-koriscenja\/","title":{"rendered":"Uslovi kori\u0161\u0107enja"},"content":{"rendered":"<div class=\"wpb-content-wrapper\"><p>[vc_row css_animation=&#8220;&#8220; row_type=&#8220;row&#8220; use_row_as_full_screen_section=&#8220;no&#8220; type=&#8220;full_width&#8220; angled_section=&#8220;no&#8220; text_align=&#8220;left&#8220; background_image_as_pattern=&#8220;without_pattern&#8220; row_negative_margin=&#8220;disable_negative_margin&#8220; padding_top=&#8220;40&#8243; padding_bottom=&#8220;70&#8243; z_index=&#8220;&#8220;][vc_column][vc_column_text]Meter&amp;Control d.o.o. sa sedi\u0161tem u Beogradu, Nau\u010dno-tehnolo\u0161ki park Beograd, Veljka Dugo\u0161evi\u0107a 54, je vlasnik vebsajta www.meterandcontrol.com (u daljem tekstu: &#8222;vebsajt&#8220;) kojim i upravlja.<\/p>\n<p>Posetom vebsajtu i njegovim kori\u0161\u0107enjem smatra se da je individualni posetilac (u daljem tekstu: &#8222;korisnik&#8220;) upoznat s Op\u0161tim uslovima kori\u0161\u0107enja vebsajta, uklju\u010duju\u0107i i Politiku privatnosti, i da ih prihvata bez ograni\u010denja.<\/p>\n<p>&nbsp;<\/p>\n<p>&nbsp;<\/p>\n<p><strong>AUTORSKA PRAVA I INTELEKTUALNA SVOJINA<\/strong><\/p>\n<p>&nbsp;<\/p>\n<p>Informacije, podaci, fotografije, ilustracije i dokumenti objavljeni na vebsajtu su za\u0161ti\u0107ena intelektualna svojina Meter&amp;Control ili tre\u0107ih lica i ne mogu se reprodukovati, objavljivati niti koristiti, u celini ili delimi\u010dno, u komercijalne svrhe bez izri\u010ditog pristanka Meter&amp;Control d.o.o. ili na bilo koji na\u010din koji mo\u017ee prouzrokovati \u0161tetu Meter&amp;Control d.o.o. ili tre\u0107em licu. Informacije, podaci, fotografije, ilustracije i dokumenti objavljeni na vebsajtu mogu se koristiti samo za potrebe korisnika uz pos\u030ctovanje svih autorskih i vlasnic\u030ckih prava i prava trec\u0301ih lica.<\/p>\n<p>&nbsp;<\/p>\n<p>&nbsp;<\/p>\n<p><strong>ODRICANJE OD ODGOVORNOSTI<\/strong><\/p>\n<p>&nbsp;<\/p>\n<p>Meter&amp;Control d.o.o. nastoji da sadr\u017eaj vebsajta bude redovno a\u017euriran i da informacije, podaci, fotografije i ilustracije na njemu budu ta\u010dne i potpune. Meter&amp;Control ne garantuje za ta\u010dnost i potpunost podataka i ne snosi odgovornost za eventualne gre\u0161ke i propuste na vebsajtu, uklju\u010duju\u0107i nazive, opise, tehni\u010dke karakteristike, fotografije ili prilago\u0111enost odre\u0111enoj nameni. Ukoliko ste pojedinac ili predstavnik pravnog lica u vezi sa kojima je izneta nepotpuna ili pogre\u0161na tvrdnja ili informacija na veb sajtu, molimo Vas da nas kontaktirate kako bismo ispravili propust.<\/p>\n<p>Vebsajt www.meterandcontrol.com sadrz\u030ci informacije o proizvodima i uslugama Meter&amp;Control d.o.o. kao i veze do drugih internet stranica kreiranih od strane trec\u0301ih lica koje c\u0301e se, gde god je to moguc\u0301e, kao takve oznac\u030cavati. Meter&amp;Control d.o.o.nema nadzor nad navedenim informacijama ili drugim internet stranicama i u potpunosti se odric\u030ce svake odgovornosti za tac\u030cnost i dostupnost sadrz\u030caja na internet stranicama kreiranim od strane trec\u0301ih lica.<\/p>\n<p>Koris\u030cc\u0301enjem sadrz\u030caja vebsajta korisnik prihvata sve rizike koji nastaju iz kori\u0161\u0107enja vebsajta. Meter&amp;Control d.o.o.se u potpunosti odric\u030ce svake odgovornosti, koja na bilo koji nac\u030cin moz\u030ce nastati ili je na bilo koji nac\u030cin vezana za koris\u030cc\u0301enje vebsajta, odnosno za bilo kakvu s\u030ctetu koja moz\u030ce nastati korisniku ili bilo kom trec\u0301em licu u vezi sa koris\u030cc\u0301enjem sadrz\u030caja vebsajta.<\/p>\n<p>&nbsp;<\/p>\n<p>&nbsp;<\/p>\n<p><strong>IZMENE OP\u0160TIH USLOVA KORI\u0160\u0106ENJA<\/strong><\/p>\n<p>&nbsp;<\/p>\n<p>Meter&amp;Control d.o.o. zadrz\u030cava pravo da, u skladu sa svojom poslovnom politikom ili izmenama odgovaraju\u0107ih propisa, vrs\u030ci izmene Ops\u030ctih uslova koris\u030cc\u0301enja vebsajta bez prethodne najave, o \u010demu \u0107e korisnici biti obave\u0161teni na odgovaraju\u0107i na\u010din.[\/vc_column_text][\/vc_column][\/vc_row]<\/p>\n<\/div>","protected":false},"excerpt":{"rendered":"<p>[vc_row css_animation=&#8220;&#8220; row_type=&#8220;row&#8220; use_row_as_full_screen_section=&#8220;no&#8220; type=&#8220;full_width&#8220; angled_section=&#8220;no&#8220; text_align=&#8220;left&#8220; background_image_as_pattern=&#8220;without_pattern&#8220; row_negative_margin=&#8220;disable_negative_margin&#8220; padding_top=&#8220;40&#8243; padding_bottom=&#8220;70&#8243; z_index=&#8220;&#8220;][vc_column][vc_column_text]Meter&amp;Control d.o.o. sa sedi\u0161tem u Beogradu, Nau\u010dno-tehnolo\u0161ki park Beograd,&#8230;<\/p>\n","protected":false},"author":2,"featured_media":0,"parent":0,"menu_order":0,"comment_status":"closed","ping_status":"closed","template":"","meta":{"_acf_changed":false,"inline_featured_image":false,"footnotes":""},"class_list":["post-3086","page","type-page","status-publish","hentry"],"acf":[],"_links":{"self":[{"href":"https:\/\/www.meterandcontrol.com\/sr\/wp-json\/wp\/v2\/pages\/3086","targetHints":{"allow":["GET"]}}],"collection":[{"href":"https:\/\/www.meterandcontrol.com\/sr\/wp-json\/wp\/v2\/pages"}],"about":[{"href":"https:\/\/www.meterandcontrol.com\/sr\/wp-json\/wp\/v2\/types\/page"}],"author":[{"embeddable":true,"href":"https:\/\/www.meterandcontrol.com\/sr\/wp-json\/wp\/v2\/users\/2"}],"replies":[{"embeddable":true,"href":"https:\/\/www.meterandcontrol.com\/sr\/wp-json\/wp\/v2\/comments?post=3086"}],"version-history":[{"count":6,"href":"https:\/\/www.meterandcontrol.com\/sr\/wp-json\/wp\/v2\/pages\/3086\/revisions"}],"predecessor-version":[{"id":3093,"href":"https:\/\/www.meterandcontrol.com\/sr\/wp-json\/wp\/v2\/pages\/3086\/revisions\/3093"}],"wp:attachment":[{"href":"https:\/\/www.meterandcontrol.com\/sr\/wp-json\/wp\/v2\/media?parent=3086"}],"curies":[{"name":"wp","href":"https:\/\/api.w.org\/{rel}","templated":true}]}}