{"id":3254,"date":"2023-02-09T19:01:15","date_gmt":"2023-02-09T19:01:15","guid":{"rendered":"https:\/\/www.meterandcontrol.com\/?page_id=3254"},"modified":"2024-06-20T14:44:27","modified_gmt":"2024-06-20T14:44:27","slug":"flexy","status":"publish","type":"page","link":"https:\/\/www.meterandcontrol.com\/sr\/products\/ami-devices\/flexy\/","title":{"rendered":"FLEXY"},"content":{"rendered":"<div class=\"wpb-content-wrapper\"><p>[vc_row css_animation=&#8220;&#8220; row_type=&#8220;row&#8220; use_row_as_full_screen_section=&#8220;no&#8220; type=&#8220;full_width&#8220; angled_section=&#8220;no&#8220; text_align=&#8220;left&#8220; background_image_as_pattern=&#8220;without_pattern&#8220; row_negative_margin=&#8220;disable_negative_margin&#8220; padding_top=&#8220;40&#8243; padding_bottom=&#8220;70&#8243; z_index=&#8220;&#8220;][vc_column width=&#8220;1\/3&#8243;]<div class=\"qode-advanced-image-gallery  qode-aig-slider-type qode-large-space   \">\n\t<div class=\"qode-aig-slider qode-owl-slider\" data-number-of-items=\"1\" data-enable-loop=\"yes\" data-enable-autoplay=\"yes\" data-slider-speed=\"5000\" data-slider-speed-animation=\"600\" data-slider-padding=\"no\" data-enable-navigation=\"no\" data-enable-pagination=\"yes\">\n\t\t\t\t\t<div class=\"qode-aig-image\">\n\t\t\t\t\t\t\t\t\t<img loading=\"lazy\" decoding=\"async\" width=\"590\" height=\"600\" src=\"https:\/\/www.meterandcontrol.com\/wp-content\/uploads\/2024\/06\/MeterControl-FLEXY-F2-T-modularno-pametno-brojilo.jpg\" class=\"attachment-full size-full\" alt=\"MeterControl-FLEXY-F2-T-modularno-pametno-brojilo\" srcset=\"https:\/\/www.meterandcontrol.com\/wp-content\/uploads\/2024\/06\/MeterControl-FLEXY-F2-T-modularno-pametno-brojilo.jpg 590w, https:\/\/www.meterandcontrol.com\/wp-content\/uploads\/2024\/06\/MeterControl-FLEXY-F2-T-modularno-pametno-brojilo-295x300.jpg 295w\" sizes=\"auto, (max-width: 590px) 100vw, 590px\" \/>\t\t\t\t\t<span class=\"aig-gallery-hover\">\n\t\t\t\t\t\t\t\t\t\t\t<\/span>\n\t\t\t\t\t\t\t<\/div>\n\t\t\t\t\t<div class=\"qode-aig-image\">\n\t\t\t\t\t\t\t\t\t<img loading=\"lazy\" decoding=\"async\" width=\"590\" height=\"600\" src=\"https:\/\/www.meterandcontrol.com\/wp-content\/uploads\/2024\/06\/MeterControl-FLEXY-F2-M-modularno-pametno-brojilo.jpg\" class=\"attachment-full size-full\" alt=\"MeterControl-FLEXY-F2-M-modularno-pametno-brojilo\" srcset=\"https:\/\/www.meterandcontrol.com\/wp-content\/uploads\/2024\/06\/MeterControl-FLEXY-F2-M-modularno-pametno-brojilo.jpg 590w, https:\/\/www.meterandcontrol.com\/wp-content\/uploads\/2024\/06\/MeterControl-FLEXY-F2-M-modularno-pametno-brojilo-295x300.jpg 295w\" sizes=\"auto, (max-width: 590px) 100vw, 590px\" \/>\t\t\t\t\t<span class=\"aig-gallery-hover\">\n\t\t\t\t\t\t\t\t\t\t\t<\/span>\n\t\t\t\t\t\t\t<\/div>\n\t\t\t<\/div>\n<\/div>[vc_empty_space height=&#8220;60px&#8220;][vc_widget_sidebar sidebar_id=&#8220;modular-sm&#8220;][\/vc_column][vc_column width=&#8220;2\/3&#8243;][vc_row_inner row_type=&#8220;row&#8220; type=&#8220;full_width&#8220; text_align=&#8220;left&#8220; side_padding=&#8220;1&#8243; css_animation=&#8220;&#8220;][vc_column_inner][vc_column_text]<\/p>\n<h1><span class=\"TextRun SCXW84929556\" lang=\"EN-GB\" xml:lang=\"EN-GB\"><span class=\"NormalTextRun SCXW84929556\">FLEXY<\/span><\/span><\/h1>\n<p>[\/vc_column_text][vc_column_text]<\/p>\n<p class=\"p1\"><strong>Nova pametna modularna brojila za zelenu energetsku tranziciju<\/strong><\/p>\n<p>[\/vc_column_text][vc_empty_space][vc_single_image image=&#8220;3212&#8243; img_size=&#8220;full&#8220; qode_css_animation=&#8220;&#8220;][vc_empty_space][vc_column_text]<\/p>\n<p class=\"p1\">FLEXY su pametna elektronska brojila za merenje aktivne i reaktivne elektri\u010dne energije, sa direktnim ili indirektnim vezivanjem na trofaznu ili monofaznu mre\u017eu. Nova platforma podr\u017eava razli\u010dite komunikacione tehnologije putem jednostavne zamene komunikacionog modema. Brojila podr\u017eavaju LTE NB IoT i CAT M1 komunikacione tehnologije, G3-PLC u opsezima CENELEC A i FCC, kao i hibridno RF-PLC komunikaciju. To omogu\u0107ava distributivnim preduze\u0107ima da dr\u017ee korak sa brzim promenama i evolucijom komunikacionih tehnologija u toku radnog veka brojila i da odaberu koncept smart meteringa koji najbolje odgovara njihovim potrebama. FLEXY serija nudi visoku bezbednost podataka, veliki izbor mernih veli\u010dina, kao i interfejse za smart home aplikacije i druge eksterne sisteme, i na taj na\u010din obezbe\u0111uje distributivnim preduze\u0107ima podatke neophodne za uspe\u0161nu transformaciju na energetskom tr\u017ei\u0161tu.<\/p>\n<p>[\/vc_column_text][vc_empty_space][vc_column_text]<\/p>\n<p class=\"p1\"><span class=\"s1\" style=\"color: #005aa7;\"><b>Glavne karakteristike<\/b><\/span><\/p>\n<p>[\/vc_column_text][vc_empty_space height=&#8220;16px&#8220;][vc_column_text el_class=&#8220;bullets&#8220;]<\/p>\n<ul>\n<li class=\"p1\">Merenje elektri\u010dnih veli\u010dina (ukupnih i po fazama)<\/li>\n<li class=\"p1\">Zamenjivi modem<\/li>\n<li class=\"p1\">Zamenjiva baterija internog \u010dasovnika<\/li>\n<li class=\"p1\">Fleksibilno tarifiranje sa do 8 tarifa<\/li>\n<li class=\"p1\">Dva principa merenja, uklju\u010duju\u0107i Ferraris metod pogodan za komercijalne i industrijske potro\u0161a\u010de<\/li>\n<li class=\"p1\">Dva RS485 porta<\/li>\n<li class=\"p1\">Podr\u0161ka za displej kod korisnika putem lako pristupa\u010dnog RJ12 konektora<\/li>\n<li class=\"p1\">Izbor dodatnih funkcijskih ulaza i izlaza na zahtev (releji, impulsni izlazi, ulazi i dr.)<\/li>\n<li class=\"p1\">Integrisani prekida\u010dki modul<\/li>\n<li class=\"p1\">DLMS\/COSEM<\/li>\n<li class=\"p1\">MID sertifikat<\/li>\n<li class=\"p1\">Visoka bezbednost podataka<\/li>\n<li class=\"p1\">IDIS 2 interoperabilnost<\/li>\n<li class=\"p1\">Detekcija naru\u0161avanja integriteta brojila<\/li>\n<li class=\"p1\">Profili optere\u0107enja<\/li>\n<li class=\"p1\">Limit snage<\/li>\n<li class=\"p1\">Dnevnici doga\u0111aja<\/li>\n<li class=\"p1\">Merenje kvaliteta elektri\u010dne energije<\/li>\n<li class=\"p1\">A\u017euriranje firmvera<\/li>\n<li class=\"p1\">M-bus port za o\u010ditavanje G, W, H brojila<\/li>\n<li class=\"p1\">(Wireless M-bus na zahtev)<\/li>\n<\/ul>\n<p>[\/vc_column_text][vc_empty_space height=&#8220;35px&#8220;]<a  itemprop=\"url\" href=\"https:\/\/www.meterandcontrol.com\/wp-content\/uploads\/2024\/06\/MeterControl-FLEXY-pametna-brojila.pdf\" target=\"_self\" data-hover-background-color=#6c1583 data-hover-border-color=rgba(0,0,0,0.01)  class=\"qbutton  large center default\" style=\"color: #ffffff; border-color: rgba(0,0,0,0.01); font-style: normal; font-weight: 600; text-transform: none; font-size: 16px; letter-spacing: 0px; border-radius: 0px;-moz-border-radius: 0px;-webkit-border-radius: 0px; background-color: #005aa7;\">Preuzmite prospekt<i class=\"qode_icon_font_awesome fa fa-download qode_button_icon_element\" style=\"\" ><\/i><\/a>[\/vc_column_inner][\/vc_row_inner][\/vc_column][\/vc_row]<\/p>\n<\/div>","protected":false},"excerpt":{"rendered":"<p>[vc_row css_animation=&#8220;&#8220; row_type=&#8220;row&#8220; use_row_as_full_screen_section=&#8220;no&#8220; type=&#8220;full_width&#8220; angled_section=&#8220;no&#8220; text_align=&#8220;left&#8220; background_image_as_pattern=&#8220;without_pattern&#8220; row_negative_margin=&#8220;disable_negative_margin&#8220; padding_top=&#8220;40&#8243; padding_bottom=&#8220;70&#8243; z_index=&#8220;&#8220;][vc_column width=&#8220;1\/3&#8243;][vc_empty_space height=&#8220;60px&#8220;][vc_widget_sidebar sidebar_id=&#8220;modular-sm&#8220;][\/vc_column][vc_column width=&#8220;2\/3&#8243;][vc_row_inner row_type=&#8220;row&#8220; type=&#8220;full_width&#8220; text_align=&#8220;left&#8220; side_padding=&#8220;1&#8243;&#8230;<\/p>\n","protected":false},"author":2,"featured_media":0,"parent":809,"menu_order":0,"comment_status":"closed","ping_status":"closed","template":"","meta":{"_acf_changed":false,"inline_featured_image":false,"footnotes":""},"class_list":["post-3254","page","type-page","status-publish","hentry"],"acf":[],"_links":{"self":[{"href":"https:\/\/www.meterandcontrol.com\/sr\/wp-json\/wp\/v2\/pages\/3254","targetHints":{"allow":["GET"]}}],"collection":[{"href":"https:\/\/www.meterandcontrol.com\/sr\/wp-json\/wp\/v2\/pages"}],"about":[{"href":"https:\/\/www.meterandcontrol.com\/sr\/wp-json\/wp\/v2\/types\/page"}],"author":[{"embeddable":true,"href":"https:\/\/www.meterandcontrol.com\/sr\/wp-json\/wp\/v2\/users\/2"}],"replies":[{"embeddable":true,"href":"https:\/\/www.meterandcontrol.com\/sr\/wp-json\/wp\/v2\/comments?post=3254"}],"version-history":[{"count":11,"href":"https:\/\/www.meterandcontrol.com\/sr\/wp-json\/wp\/v2\/pages\/3254\/revisions"}],"predecessor-version":[{"id":4690,"href":"https:\/\/www.meterandcontrol.com\/sr\/wp-json\/wp\/v2\/pages\/3254\/revisions\/4690"}],"up":[{"embeddable":true,"href":"https:\/\/www.meterandcontrol.com\/sr\/wp-json\/wp\/v2\/pages\/809"}],"wp:attachment":[{"href":"https:\/\/www.meterandcontrol.com\/sr\/wp-json\/wp\/v2\/media?parent=3254"}],"curies":[{"name":"wp","href":"https:\/\/api.w.org\/{rel}","templated":true}]}}