{"id":648,"date":"2018-04-17T22:28:37","date_gmt":"2018-04-17T22:28:37","guid":{"rendered":"http:\/\/www.meterandcontrol.rs\/home\/"},"modified":"2025-12-08T19:01:45","modified_gmt":"2025-12-08T19:01:45","slug":"pocetna","status":"publish","type":"page","link":"https:\/\/www.meterandcontrol.com\/sr\/","title":{"rendered":"Po\u010detna"},"content":{"rendered":"<div class=\"wpb-content-wrapper\"><p>[vc_row css_animation=&#8220;&#8220; row_type=&#8220;row&#8220; use_row_as_full_screen_section=&#8220;no&#8220; type=&#8220;full_width&#8220; angled_section=&#8220;no&#8220; text_align=&#8220;left&#8220; background_image_as_pattern=&#8220;without_pattern&#8220; el_class=&#8220;home-first&#8220; z_index=&#8220;&#8220;][vc_column][qode_elements_holder number_of_columns=&#8220;one_column&#8220;][qode_elements_holder_item background_color=&#8220;#ffffff&#8220; item_padding=&#8220;70px 70px 70px 70px&#8220; advanced_animations=&#8220;no&#8220; item_padding_600_768=&#8220;20px 20px 10px 20px&#8220; item_padding_480_600=&#8220;20px 20px 10px 20px&#8220; item_padding_480=&#8220;20px 20px 10px 20px&#8220; custom_class=&#8220;meter-posts&#8220;]\n<div class='latest_post_holder image_in_box  ' >\n    <ul>\n    \n        <li class=\"clearfix\">\n            <div class=\"latest_post\"  >\n                <div class=\"latest_post_image clearfix\">\n                    <a itemprop=\"url\" href=\"https:\/\/www.meterandcontrol.com\/sr\/amper-2026-brno-17-19-mart\/\">\n                                                <img decoding=\"async\" itemprop=\"image\" src=\"https:\/\/www.meterandcontrol.com\/wp-content\/uploads\/2026\/03\/bvv_amper_derivaty_RGB_25_1920-x-1080_1-150x150.jpg\" alt=\"\" \/>\n                    <\/a>\n                <\/div>\n\n\n                <div class=\"latest_post_text\">\n                    <div class=\"latest_post_inner\">\n                        <div class=\"latest_post_text_inner\">\n                            <h4 itemprop=\"name\" class=\"latest_post_title entry_title\"><a itemprop=\"url\" href=\"https:\/\/www.meterandcontrol.com\/sr\/amper-2026-brno-17-19-mart\/\">AMPER 2026, Brno 17-19. mart<\/a><\/h4>\n                            <p itemprop=\"description\" class=\"excerpt\">Kompanija Meter&amp;Control najavljuje u\u010de\u0161\u0107e na predstoje\u0107em sajmu AMPER, najve\u0107em sajmu energetske...<\/p>\n                            <span class=\"post_infos\">\n                                                                    <span class=\"date_hour_holder\">\n                                        <span itemprop=\"dateCreated\" class=\"date entry_date updated\">09 \u043c\u0430\u0440\u0442, 2026 <meta itemprop=\"interactionCount\" content=\"UserComments: 0\"\/><\/span>\n                                    <\/span>\n                                \n                                \n                                \n                                \n                                                            <\/span>\n                        <\/div>\n                    <\/div>\n                <\/div>\n            <\/div>\n        <\/li>\n        \n        <li class=\"clearfix\">\n            <div class=\"latest_post\"  >\n                <div class=\"latest_post_image clearfix\">\n                    <a itemprop=\"url\" href=\"https:\/\/www.meterandcontrol.com\/sr\/9-savjetovanje-hrvatskog-ogranka-cired-2025\/\">\n                                                <img decoding=\"async\" itemprop=\"image\" src=\"https:\/\/www.meterandcontrol.com\/wp-content\/uploads\/2025\/05\/CIRED-2025-vizual-1-150x150.png\" alt=\"\" \/>\n                    <\/a>\n                <\/div>\n\n\n                <div class=\"latest_post_text\">\n                    <div class=\"latest_post_inner\">\n                        <div class=\"latest_post_text_inner\">\n                            <h4 itemprop=\"name\" class=\"latest_post_title entry_title\"><a itemprop=\"url\" href=\"https:\/\/www.meterandcontrol.com\/sr\/9-savjetovanje-hrvatskog-ogranka-cired-2025\/\">9. Savjetovanje Hrvatskog ogranka CIRED 2025<\/a><\/h4>\n                            <p itemprop=\"description\" class=\"excerpt\">Zadovoljstvo nam je da najavimo u\u010de\u0161\u0107e na 9. Savjetovanju Hrvatskog ogranka CIRED, koje se odr\u017eava o...<\/p>\n                            <span class=\"post_infos\">\n                                                                    <span class=\"date_hour_holder\">\n                                        <span itemprop=\"dateCreated\" class=\"date entry_date updated\">22 \u043c\u0430\u0458, 2025 <meta itemprop=\"interactionCount\" content=\"UserComments: 0\"\/><\/span>\n                                    <\/span>\n                                \n                                \n                                \n                                \n                                                            <\/span>\n                        <\/div>\n                    <\/div>\n                <\/div>\n            <\/div>\n        <\/li>\n        \n        <li class=\"clearfix\">\n            <div class=\"latest_post\"  >\n                <div class=\"latest_post_image clearfix\">\n                    <a itemprop=\"url\" href=\"https:\/\/www.meterandcontrol.com\/sr\/netzimpuls-2025\/\">\n                                                <img decoding=\"async\" itemprop=\"image\" src=\"https:\/\/www.meterandcontrol.com\/wp-content\/uploads\/2025\/03\/NetzImpuls-2025-150x150.png\" alt=\"\" \/>\n                    <\/a>\n                <\/div>\n\n\n                <div class=\"latest_post_text\">\n                    <div class=\"latest_post_inner\">\n                        <div class=\"latest_post_text_inner\">\n                            <h4 itemprop=\"name\" class=\"latest_post_title entry_title\"><a itemprop=\"url\" href=\"https:\/\/www.meterandcontrol.com\/sr\/netzimpuls-2025\/\">NetzImpuls 2025<\/a><\/h4>\n                            <p itemprop=\"description\" class=\"excerpt\">Zadovoljstvo nam je da najavimo u\u010de\u0161\u0107e na konferenciji NetzImpuls 2025, koja se odr\u017eava u Arauu 26 m...<\/p>\n                            <span class=\"post_infos\">\n                                                                    <span class=\"date_hour_holder\">\n                                        <span itemprop=\"dateCreated\" class=\"date entry_date updated\">03 \u043c\u0430\u0440\u0442, 2025 <meta itemprop=\"interactionCount\" content=\"UserComments: 0\"\/><\/span>\n                                    <\/span>\n                                \n                                \n                                \n                                \n                                                            <\/span>\n                        <\/div>\n                    <\/div>\n                <\/div>\n            <\/div>\n        <\/li>\n        \n    <\/ul>\n<\/div>[\/qode_elements_holder_item][\/qode_elements_holder][\/vc_column][\/vc_row][vc_row css_animation=&#8220;&#8220; row_type=&#8220;row&#8220; use_row_as_full_screen_section=&#8220;no&#8220; type=&#8220;full_width&#8220; angled_section=&#8220;no&#8220; text_align=&#8220;left&#8220; background_image_as_pattern=&#8220;without_pattern&#8220;][vc_column][vc_empty_space height=&#8220;100px&#8220; el_class=&#8220;mobile-space&#8220;][\/vc_column][\/vc_row][vc_row css_animation=&#8220;&#8220; row_type=&#8220;row&#8220; use_row_as_full_screen_section=&#8220;no&#8220; type=&#8220;grid&#8220; angled_section=&#8220;no&#8220; text_align=&#8220;left&#8220; background_image_as_pattern=&#8220;without_pattern&#8220; z_index=&#8220;&#8220; el_class=&#8220;home-first&#8220;][vc_column][qode_elements_holder number_of_columns=&#8220;three_columns&#8220; switch_to_one_column=&#8220;768&#8243; alignment_one_column=&#8220;center&#8220;][qode_elements_holder_item background_color=&#8220;#ffffff&#8220; item_padding=&#8220;60px 40px 60px 40px&#8220; vertical_alignment=&#8220;middle&#8220; horizontal_alignment=&#8220;center&#8220; advanced_animations=&#8220;no&#8220;][vc_single_image image=&#8220;4391&#8243; img_size=&#8220;full&#8220; alignment=&#8220;center&#8220; qode_css_animation=&#8220;&#8220;][vc_column_text el_class=&#8220;home-title-blue p&#8220; css=&#8220;.vc_custom_1602860423259{padding-top: 40px !important;padding-bottom: 20px !important;}&#8220;]<\/p>\n<p class=\"p1\"><span class=\"s1\">AMI ure\u0111aji<\/span><\/p>\n<p>[\/vc_column_text][vc_column_text css=&#8220;.vc_custom_1531847856569{padding-bottom: 20px !important;}&#8220; el_class=&#8220;home-txt-blue p&#8220;]Savremeni pametni ure\u0111aji za masovnu implementaciju AMI sistema ili interoperabilno unapre\u0111enje i pro\u0161irenje postoje\u0107ih sistema.[\/vc_column_text]\n\n\t<a href=\"https:\/\/www.meterandcontrol.com\/sr\/products\/\" target=\"_self\" style=\"color: #005aa7;font-size: 16px;font-weight: 600\" class=\"qode-btn qode-btn-medium qode-btn-simple qode-btn-icon icon-button qode-btn-default-hover\"  >\n\t    <span class=\"qode-btn-text\">Saznajte vi\u0161e<\/span><span class=\"qode-button-v2-icon-holder\"  ><i class=\"qode_icon_font_awesome fa fa-long-arrow-right qode-button-v2-icon-holder-inner\" ><\/i><\/span>\t<\/a>\n\n[\/qode_elements_holder_item][qode_elements_holder_item background_color=&#8220;#f5f5f5&#8243; item_padding=&#8220;60px 40px 60px 40px&#8220; vertical_alignment=&#8220;middle&#8220; horizontal_alignment=&#8220;center&#8220; advanced_animations=&#8220;no&#8220;][vc_single_image image=&#8220;4393&#8243; img_size=&#8220;full&#8220; alignment=&#8220;center&#8220; qode_css_animation=&#8220;&#8220;][vc_column_text el_class=&#8220;home-title-violet p&#8220; css=&#8220;.vc_custom_1602860458960{padding-top: 40px !important;padding-bottom: 20px !important;}&#8220;]<\/p>\n<p class=\"p1\"><span class=\"s1\">AMI softver<\/span><\/p>\n<p>[\/vc_column_text][vc_column_text css=&#8220;.vc_custom_1531847545725{padding-bottom: 20px !important;}&#8220; el_class=&#8220;home-txt-violet p&#8220;]Napredni Head-end softver za daljinsko upravljanje i billing, i re\u0161enja za lokalno o\u010ditavanje i parametrizaciju AMI ure\u0111aja.[\/vc_column_text]\n\n\t<a href=\"https:\/\/www.meterandcontrol.com\/sr\/products\/\" target=\"_self\" style=\"color: #6c1583;font-size: 16px;font-weight: 600\" class=\"qode-btn qode-btn-medium qode-btn-simple qode-btn-icon icon-button qode-btn-default-hover\"  >\n\t    <span class=\"qode-btn-text\">Saznajte vi\u0161e<\/span><span class=\"qode-button-v2-icon-holder\"  ><i class=\"qode_icon_font_awesome fa fa-long-arrow-right qode-button-v2-icon-holder-inner\" ><\/i><\/span>\t<\/a>\n\n[\/qode_elements_holder_item][qode_elements_holder_item background_color=&#8220;#ffffff&#8220; item_padding=&#8220;60px 40px 60px 40px&#8220; vertical_alignment=&#8220;middle&#8220; horizontal_alignment=&#8220;center&#8220; advanced_animations=&#8220;no&#8220;][vc_single_image image=&#8220;4395&#8243; img_size=&#8220;full&#8220; alignment=&#8220;center&#8220; qode_css_animation=&#8220;&#8220;][vc_column_text el_class=&#8220;home-title-green p&#8220; css=&#8220;.vc_custom_1602860475484{padding-top: 40px !important;padding-bottom: 20px !important;}&#8220;]<\/p>\n<p class=\"p1\"><span class=\"s1\">Custom Solutions<\/span><\/p>\n<p>[\/vc_column_text][vc_column_text css=&#8220;.vc_custom_1531847559338{padding-bottom: 20px !important;}&#8220; el_class=&#8220;home-txt-green p&#8220;]Individualna re\u0161enja za specifi\u010dne zahteve i izazove na\u0161ih kupaca, u potpunosti razvijena i proizvedena u Meter&amp;Control.[\/vc_column_text]\n\n\t<a href=\"https:\/\/www.meterandcontrol.com\/sr\/custom-solutions\/\" target=\"_self\" style=\"color: #008d2f;font-size: 16px;font-weight: 600\" class=\"qode-btn qode-btn-medium qode-btn-simple qode-btn-icon icon-button qode-btn-default-hover\"  >\n\t    <span class=\"qode-btn-text\">Saznajte vi\u0161e<\/span><span class=\"qode-button-v2-icon-holder\"  ><i class=\"qode_icon_font_awesome fa fa-long-arrow-right qode-button-v2-icon-holder-inner\" ><\/i><\/span>\t<\/a>\n\n[\/qode_elements_holder_item][\/qode_elements_holder][\/vc_column][\/vc_row][vc_row css_animation=&#8220;&#8220; row_type=&#8220;row&#8220; use_row_as_full_screen_section=&#8220;no&#8220; type=&#8220;full_width&#8220; angled_section=&#8220;no&#8220; text_align=&#8220;left&#8220; background_image_as_pattern=&#8220;without_pattern&#8220;][vc_column][vc_empty_space height=&#8220;100px&#8220; el_class=&#8220;mobile-space&#8220;][\/vc_column][\/vc_row][vc_row css_animation=&#8220;&#8220; row_type=&#8220;row&#8220; use_row_as_full_screen_section=&#8220;no&#8220; type=&#8220;full_width&#8220; angled_section=&#8220;no&#8220; text_align=&#8220;left&#8220; background_image_as_pattern=&#8220;without_pattern&#8220;][vc_column][qode_elements_holder number_of_columns=&#8220;two_columns&#8220; switch_to_one_column=&#8220;768&#8243; alignment_one_column=&#8220;left&#8220;][qode_elements_holder_item background_color=&#8220;#ffffff&#8220; item_padding=&#8220;80px 20px 80px 80px&#8220; vertical_alignment=&#8220;top&#8220; advanced_animations=&#8220;no&#8220; item_padding_600_768=&#8220;20px 20px 20px 20px&#8220; item_padding_480_600=&#8220;20px 20px 20px 20px&#8220; item_padding_480=&#8220;20px 20px 20px 20px&#8220;][vc_single_image image=&#8220;4365&#8243; img_size=&#8220;full&#8220; qode_css_animation=&#8220;&#8220;][\/qode_elements_holder_item][qode_elements_holder_item background_color=&#8220;#ffffff&#8220; item_padding=&#8220;80px 80px 80px 20px&#8220; vertical_alignment=&#8220;top&#8220; advanced_animations=&#8220;no&#8220; item_padding_600_768=&#8220;20px 20px 20px 20px&#8220; item_padding_480_600=&#8220;20px 20px 20px 20px&#8220; item_padding_480=&#8220;20px 20px 20px 20px&#8220;][vc_column_text el_class=&#8220;home-section-2 p&#8220;]<\/p>\n<p class=\"p1\">Meter&amp;Control razvija i proizvodi najsavremenija hardverska i softverska re\u0161enja za pametno upravljanje energijom za industrijske, komercijalne i rezidencijalne korisnike. Osnovan 2008. godine u Beogradu kao privatna i nezavisna kompanija, Meter&amp;Control uspe\u0161no objedinjuje inovativno razmi\u0161ljanje, najmodernije tehnologije, in\u017eenjersku ekspertizu, kontinuirani razvoj i vrhunski kvalitet u svim svojim proizvodima. Integrisani proces istra\u017eivanja, razvoja, proizvodnje i verifikacije odvija se u na\u0161oj kompaniji u Beogradu.<\/p>\n<p>[\/vc_column_text][vc_empty_space height=&#8220;20px&#8220;][vc_column_text][\/vc_column_text][vc_empty_space height=&#8220;20px&#8220;]\n\n\t<a href=\"https:\/\/www.meterandcontrol.com\/sr\/company\/\" target=\"_self\" style=\"color: #4a4a4a;font-size: 16px;font-weight: 600\" class=\"qode-btn qode-btn-medium qode-btn-simple qode-btn-icon icon-button qode-btn-default-hover\"  >\n\t    <span class=\"qode-btn-text\">O kompaniji<\/span><span class=\"qode-button-v2-icon-holder\"  ><i class=\"qode_icon_font_awesome fa fa-long-arrow-right qode-button-v2-icon-holder-inner\" ><\/i><\/span>\t<\/a>\n\n[\/qode_elements_holder_item][\/qode_elements_holder][\/vc_column][\/vc_row][vc_row css_animation=&#8220;&#8220; row_type=&#8220;row&#8220; use_row_as_full_screen_section=&#8220;no&#8220; type=&#8220;full_width&#8220; angled_section=&#8220;no&#8220; text_align=&#8220;left&#8220; background_image_as_pattern=&#8220;without_pattern&#8220;][vc_column][qode_elements_holder number_of_columns=&#8220;two_columns&#8220; switch_to_one_column=&#8220;768&#8243; alignment_one_column=&#8220;left&#8220;][qode_elements_holder_item background_color=&#8220;#ffffff&#8220; item_padding=&#8220;0px 20px 80px 80px&#8220; vertical_alignment=&#8220;top&#8220; advanced_animations=&#8220;no&#8220; item_padding_600_768=&#8220;20px 20px 20px 20px&#8220; item_padding_480_600=&#8220;20px 20px 20px 20px&#8220; item_padding_480=&#8220;20px 20px 20px 20px&#8220;][vc_column_text el_class=&#8220;home-section-2 p&#8220;]<\/p>\n<p class=\"p1\">\u0160irok portfolio AMI ure\u0111aja i softvera obuhvata pametna brojila za elektri\u010dnu energiju sa PLC i celularnom komunikacijom, koncentratore podataka i gejtveje, kao i AMM\/AMI softver za daljinsko o\u010ditavanje brojila, parametrizaciju i upravljanje potro\u0161njom komercijalnih i industrijskih korisnika i doma\u0107instava. Na\u0161e proizvode odlikuju raznovrsne i specifi\u010dne funkcionalnosti, interoperabilnost po globalnim standardima, pouzdanost i kvalitet po evropskim standardima, jednostavna integracija i kori\u0161\u0107enje i atraktivan industrijski dizajn.<\/p>\n<p>[\/vc_column_text][vc_empty_space height=&#8220;20px&#8220;][vc_column_text][\/vc_column_text][vc_empty_space height=&#8220;20px&#8220;]\n\n\t<a href=\"https:\/\/www.meterandcontrol.com\/sr\/products\/\" target=\"_self\" style=\"color: #4a4a4a;font-size: 16px;font-weight: 600\" class=\"qode-btn qode-btn-medium qode-btn-simple qode-btn-icon icon-button qode-btn-default-hover\"  >\n\t    <span class=\"qode-btn-text\">Pregled proizvoda<\/span><span class=\"qode-button-v2-icon-holder\"  ><i class=\"qode_icon_font_awesome fa fa-long-arrow-right qode-button-v2-icon-holder-inner\" ><\/i><\/span>\t<\/a>\n\n[\/qode_elements_holder_item][qode_elements_holder_item background_color=&#8220;#ffffff&#8220; item_padding=&#8220;0px 80px 80px 20px&#8220; vertical_alignment=&#8220;top&#8220; advanced_animations=&#8220;no&#8220; item_padding_600_768=&#8220;20px 20px 20px 20px&#8220; item_padding_480_600=&#8220;20px 20px 20px 20px&#8220; item_padding_480=&#8220;20px 20px 20px 20px&#8220;][vc_single_image image=&#8220;1445&#8243; img_size=&#8220;full&#8220; qode_css_animation=&#8220;&#8220;][\/qode_elements_holder_item][\/qode_elements_holder][\/vc_column][\/vc_row][vc_row css_animation=&#8220;&#8220; row_type=&#8220;row&#8220; use_row_as_full_screen_section=&#8220;no&#8220; type=&#8220;full_width&#8220; angled_section=&#8220;no&#8220; text_align=&#8220;left&#8220; background_image_as_pattern=&#8220;without_pattern&#8220;][vc_column][vc_empty_space height=&#8220;100px&#8220; el_class=&#8220;mobile-space&#8220;][\/vc_column][\/vc_row]<\/p>\n<\/div>","protected":false},"excerpt":{"rendered":"<p>[vc_row css_animation=&#8220;&#8220; row_type=&#8220;row&#8220; use_row_as_full_screen_section=&#8220;no&#8220; type=&#8220;full_width&#8220; angled_section=&#8220;no&#8220; text_align=&#8220;left&#8220; background_image_as_pattern=&#8220;without_pattern&#8220; el_class=&#8220;home-first&#8220; z_index=&#8220;&#8220;][vc_column][qode_elements_holder number_of_columns=&#8220;one_column&#8220;][qode_elements_holder_item background_color=&#8220;#ffffff&#8220; item_padding=&#8220;70px 70px 70px 70px&#8220; advanced_animations=&#8220;no&#8220; item_padding_600_768=&#8220;20px 20px 10px&#8230;<\/p>\n","protected":false},"author":1,"featured_media":0,"parent":0,"menu_order":0,"comment_status":"closed","ping_status":"closed","template":"","meta":{"_acf_changed":false,"inline_featured_image":false,"footnotes":""},"class_list":["post-648","page","type-page","status-publish","hentry"],"acf":[],"_links":{"self":[{"href":"https:\/\/www.meterandcontrol.com\/sr\/wp-json\/wp\/v2\/pages\/648","targetHints":{"allow":["GET"]}}],"collection":[{"href":"https:\/\/www.meterandcontrol.com\/sr\/wp-json\/wp\/v2\/pages"}],"about":[{"href":"https:\/\/www.meterandcontrol.com\/sr\/wp-json\/wp\/v2\/types\/page"}],"author":[{"embeddable":true,"href":"https:\/\/www.meterandcontrol.com\/sr\/wp-json\/wp\/v2\/users\/1"}],"replies":[{"embeddable":true,"href":"https:\/\/www.meterandcontrol.com\/sr\/wp-json\/wp\/v2\/comments?post=648"}],"version-history":[{"count":37,"href":"https:\/\/www.meterandcontrol.com\/sr\/wp-json\/wp\/v2\/pages\/648\/revisions"}],"predecessor-version":[{"id":4397,"href":"https:\/\/www.meterandcontrol.com\/sr\/wp-json\/wp\/v2\/pages\/648\/revisions\/4397"}],"wp:attachment":[{"href":"https:\/\/www.meterandcontrol.com\/sr\/wp-json\/wp\/v2\/media?parent=648"}],"curies":[{"name":"wp","href":"https:\/\/api.w.org\/{rel}","templated":true}]}}