{"id":657,"date":"2018-06-12T09:34:17","date_gmt":"2018-06-12T09:34:17","guid":{"rendered":"http:\/\/www.meterandcontrol.rs\/disclaimer\/"},"modified":"2024-06-24T09:52:51","modified_gmt":"2024-06-24T09:52:51","slug":"politika-privatnosti","status":"publish","type":"page","link":"https:\/\/www.meterandcontrol.com\/sr\/politika-privatnosti\/","title":{"rendered":"Politika privatnosti"},"content":{"rendered":"<div class=\"wpb-content-wrapper\"><p>[vc_row css_animation=&#8220;&#8220; row_type=&#8220;row&#8220; use_row_as_full_screen_section=&#8220;no&#8220; type=&#8220;full_width&#8220; angled_section=&#8220;no&#8220; text_align=&#8220;left&#8220; background_image_as_pattern=&#8220;without_pattern&#8220; row_negative_margin=&#8220;disable_negative_margin&#8220; padding_top=&#8220;40&#8243; padding_bottom=&#8220;70&#8243; z_index=&#8220;&#8220;][vc_column][vc_column_text]<\/p>\n<p style=\"font-weight: 400;\">Mi cenimo Va\u0161u privatnost i posebno vodimo ra\u010duna o bezbednosti podataka o li\u010dnosti. Upravo iz tih razloga ovom Politikom privatnosti na transparentan i lako razumljiv na\u010din \u017eelimo da Vas informi\u0161emo o prikupljanju, upotrebi, prirodi i obimu obrade Va\u0161ih li\u010dnih podataka, kao i na\u010dinima na koje mo\u017eete ostvariti svoje pravo na privatnost.<\/p>\n<p style=\"font-weight: 400;\">Kao zakonski osnov koji ure\u0111uje za\u0161titu podataka i uslove za obradu va\u0161ih podataka primenjujemo Zakon o za\u0161titi podataka o li\u010dnosti (\u201cSl. glasnik RS\u201d, br. 87\/2018), u daljem tekstu \u201e<strong>Zakon<\/strong>\u201d).<\/p>\n<p style=\"font-weight: 400;\"><strong>\u00a0<\/strong><\/p>\n<p>&nbsp;<\/p>\n<p><strong>1. RUKOVALAC PODACIMA<\/strong><\/p>\n<p>&nbsp;<\/p>\n<p style=\"font-weight: 400;\">Meter&amp;Control d.o.o., sa sedi\u0161tem u Nau\u010dno-tehnolo\u0161kom parku Beograd, Veljka Dugo\u0161evi\u0107a 54, 11050 Beograd (u daljem tekstu: \u201e<strong>Meter&amp;Control<\/strong>\u201d ili \u201e<strong>mi<\/strong>\u201d).<\/p>\n<p style=\"font-weight: 400;\">Ova Politika privatnosti primenjuje se na:<\/p>\n<ul>\n<li style=\"list-style-type: none;\">\n<ul>\n<li>sva lica koja pristupaju na\u0161em sajtu na adresi www.meterandcontrol.com\u00a0(\u201e<strong>veb sajt<\/strong>\u201d),<\/li>\n<li>lica koja nam po\u0161alju upit putem veb sajta, emaila ili dru\u0161tvenih mre\u017ea<\/li>\n<li>lica sa kojima imamo ili \u0107emo potencijalno imati promet roba i usluga (\u201d<strong>klijenti<\/strong>\u201d)<\/li>\n<li>lica koja se prijavljuju za radno mesto kod nas (\u201e<strong>kandidati<\/strong>\u201d),<\/li>\n<li>lica koja se prijave za na\u0161 newsletter<\/li>\n<\/ul>\n<\/li>\n<\/ul>\n<p style=\"font-weight: 400;\">Za sva pitanja u vezi sa ovom Politikom privatnosti, molimo Vas da nas kontaktirate na\u00a0<a href=\"mailto:office@zuniclaw.com\">office@meterandcontrol.com<\/a>.<\/p>\n<p>&nbsp;<\/p>\n<p>&nbsp;<\/p>\n<p><strong>2. PODACI O LI\u010cNOSTI KOJE PRIKUPLJAMO<\/strong><\/p>\n<p>&nbsp;<\/p>\n<p style=\"font-weight: 400;\">2.1. Podaci o li\u010dnosti koje prikupljamo od Vas<\/p>\n<p style=\"font-weight: 400;\">U zavisnosti od toga kako koristite na\u0161 veb sajt, informacije koje mo\u017eemo prikupiti o Vama mogu biti slede\u0107e:<\/p>\n<p>a) Podaci o li\u010dnosti koje dobrovoljno delite sa nama<\/p>\n<ul>\n<li style=\"list-style-type: none;\">\n<ul>\n<li>informacije koje odlu\u010dite da podelite sa nama, u Va\u0161em upitu na na\u0161em kontakt formularu ili drugim putem<\/li>\n<li>informacije koje odlu\u010dite da podelite sa nama prijavljivanjem za na\u0161 Newsletter<\/li>\n<li>informacije koje odlu\u010dite da podelite sa nama tokom procesa prijave za radno mesto u Meter&amp;Control d.o.o.<\/li>\n<\/ul>\n<\/li>\n<\/ul>\n<p style=\"font-weight: 400;\">Ukoliko nas kontaktirate direktno putem\u00a0kontakt stranice ili po\u0161aljete upit na\u00a0office@meterandcontrol.com ili bilo koji drugi e-mail koji je dostupan na veb sajtu, ili podelite sa nama informacije tokom telefonskog razgovora ili preko dru\u0161tvenih mre\u017ea, mo\u017eemo dobiti informacije o Va\u0161em imenu, email adresi, ku\u0107noj ili poslovnoj adresi, Va\u0161e zvanje ili ime poslodavca, sadr\u017eaj poruka ili priloga koje nam dostavite ili bilo koje druge informacije koje odlu\u010dite da podelite sa nama.<\/p>\n<p style=\"font-weight: 400;\">Ukoliko nas kontaktirate putem stranice Karijera\u00a0tokom procesa prijave za radno mesto, tra\u017ei\u0107emo od Vas da po\u0161aljete svoju radnu biografiju i motivaciono pismo. Prilikom prijave za zaposlenje kod nas, mo\u017eemo Vam postaviti pitanja o Va\u0161em profesionalnom \u017eivotu koja mogu biti zna\u010dajna za Va\u0161u budu\u0107u poziciju. Meter&amp;Control koristi Va\u0161e li\u010dne podatke kako bismo uskladili Va\u0161e ve\u0161tine, iskustvo i obrazovanje sa specifi\u010dnim pozicijama koje nudimo. Ove informacije se prosle\u0111uju licima unutar Meter&amp;Control koja odlu\u010duju o procesu zapo\u0161ljavanja ili osobama uklju\u010denim u proces zapo\u0161ljavanja, koje potom donose odluku o tome da \u0107e Vas pozvati na razgovor. Meter&amp;Control c\u0301e prikupiti dodatne informacije od Vas ukoliko budete pozvani na razgovor (ili ekvivalentno), kao i u narednim fazama procesa.<\/p>\n<p style=\"font-weight: 400;\">Kada se prijavljujete na na\u0161 newsletter, neophodno je da podelite svoju email adresu sa nama. Mo\u017eete odlu\u010diti da podelite sa nama druge podatke o li\u010dnosti, kao \u0161to su Va\u0161e ime ili organizacija za koju radite, ali to nije neophodno.<\/p>\n<p>b) Podaci o li\u010dnosti koje prikupljamo automatski<\/p>\n<p style=\"font-weight: 400;\">Kada posetite na\u0161 veb sajt, Meter&amp;Control mo\u017ee automatski da prikupi pojedine podatke o li\u010dnosti sa Va\u0161eg ure\u0111aja.<\/p>\n<p style=\"font-weight: 400;\">Preciznije, informacije koje prikupljamo automatski mogu uklju\u010divati informacije kao \u0161to su IP adresa, vrsta ure\u0111aja, jedinstveni identifikacijski broj ure\u0111aja, vrsta pretra\u017eiva\u010da i \u0161ira geografska lokacija (npr. lokacija na nivou dr\u017eave ili grada). Tako\u0111e, mo\u017eemo da prikupljamo informacije o tome kako se Va\u0161 ure\u0111aj pona\u0161a na na\u0161em veb sajtu, uklju\u010dujuc\u0301i i stranice kojima ste pristupili i linkove na koje ste kliknuli.<\/p>\n<p style=\"font-weight: 400;\">Prikupljanje ovih informacija nam omoguc\u0301ava da bolje razumemo posetioce koji dolaze na na\u0161 Sajt, odakle dolaze i koji sadr\u017eaj na na\u0161em Sajtu ih zanima.<\/p>\n<p style=\"font-weight: 400;\"><strong>\u00a0<\/strong><\/p>\n<p style=\"font-weight: 400;\">2.2. Podaci o li\u010dnosti koje prikupljamo o Vama od tre\u0107ih lica<\/p>\n<p style=\"font-weight: 400;\">Ponekad, mo\u017ee se dogoditi da dobijemo Va\u0161e podatke o li\u010dnosti bez da nam Vi direktno date takve podatke.<\/p>\n<p style=\"font-weight: 400;\">Ukoliko ste Kandidat za zaposlenje u Meter&amp;Control, informacije o Vama mo\u017eemo dobiti:<\/p>\n<ul>\n<li style=\"list-style-type: none;\">\n<ul>\n<li>od agencija za zapo\u0161ljavanje \u2013 (npr. kada nas agencija za zapo\u0161ljavanje kontaktira kako bi Vas identifikovala kao potencijalnog kandidata)<\/li>\n<li>kroz javno dostupne onlajn izvore \u2013 (npr. sa sajta va\u0161eg trenutnog poslodavca ili sa profesionalnih dru\u0161tvenih mre\u017ea kao \u0161to je to LinkedIn) i<\/li>\n<li>putem pisane ili usmene preporuke \u2013 npr, putem preporuke biv\u0161eg zaposlenog \/ poslodavca ili od lica koje ste naveli kao referentnu osobu.<\/li>\n<\/ul>\n<\/li>\n<\/ul>\n<p>&nbsp;<\/p>\n<p>&nbsp;<\/p>\n<p style=\"font-weight: 400;\"><strong>PRIKAZ PROCESA OBRADE<\/strong><\/p>\n<p>&nbsp;<\/p>\n<table style=\"font-weight: 400; height: 1373px;\" width=\"600\">\n<tbody>\n<tr>\n<td style=\"text-align: left;\" width=\"300\">SVRHA OBRADE<\/td>\n<td style=\"text-align: left;\" width=\"300\">PRAVNI OSNOV<\/td>\n<\/tr>\n<tr>\n<td width=\"300\">\n<ul>\n<li style=\"text-align: left;\">U cilju odgovora na Va\u0161e upite poslate na Kontakt stranici ili upu\u0107enih na email office@meterandcontrol.com ili drugi email koji je dostupan na veb sajtu<\/li>\n<li style=\"text-align: left;\">U cilju pru\u017eanja odgovora u vezi sa ostalim Va\u0161im zahtevima koje nam uputite<\/li>\n<li style=\"text-align: left;\">U cilju pru\u017eanja i unapre\u0111enja na\u0161ih usluga<\/li>\n<\/ul>\n<\/td>\n<td width=\"300\">\n<p style=\"text-align: left;\">Obrada je neophodna zbog realizacije ugovora zaklju\u010denih radi prometa roba i usluga ili zbog zaklju\u010denja takvog ugovora sa Vama<\/p>\n<\/td>\n<\/tr>\n<tr>\n<td width=\"300\">\n<ul>\n<li style=\"text-align: left;\">Kako bismo Va\u0161e ve\u0161tine, iskustvo i obrazovanje uklopili sa specifi\u010dnim ulogama koje nudimo, tokom procesa selekcije kandidata<\/li>\n<\/ul>\n<\/td>\n<td width=\"300\">\n<p style=\"text-align: left;\">Obrada je u na\u0161em legitimnom interesu, imaju\u0107i u vidu da je obrada podataka neophodna i ima minimalan uticaj na privatnost na podnosioca zahteva.<\/p>\n<\/td>\n<\/tr>\n<tr>\n<td width=\"300\">\n<ul>\n<li style=\"text-align: left;\">Da vas obave\u0161tavamo o poslovnim i drugim novostima u Meter&amp;Control<\/li>\n<\/ul>\n<\/td>\n<td width=\"300\">\n<p style=\"text-align: left;\">Va\u0161a saglasnost ili na\u0161 legitimni interes.<\/p>\n<p style=\"text-align: left;\">Naime, ukoliko ste se prijavili na na\u0161 veb sajt, obave\u0161tava\u0107emo Vas putem emaila sve dok ne povu\u010dete svoju saglasnost. Imate pravo da povu\u010dete saglasnost u svakom trenutku, bez uticaja na zakonitost prikupljanja informacija koje je vr\u0161eno pre toga. Mo\u017eete se odjaviti sa Newslettera u svako dobra, koriste\u0107i opciju \u201eodjavi se\u201d u emailu.<\/p>\n<p style=\"text-align: left;\">Ukoliko ste zaposleni, predstavnik ili akcionar kod na\u0161eg klijenta, i prethodno ste imali kontakt sa nama, mo\u017eemo Vam slati na\u0161 Newsletter na osnovu na\u0161eg legitimnog interesa. Obave\u0161tavamo Vas da smo izvr\u0161ili procenu interesa i do\u0161li do zaklju\u010dka da je obrada podataka u tom slu\u010daju neophodna i ima minimalan uticaj na Va\u0161u privatnost. Ukoliko \u017eelite da saznate vi\u0161e o na\u010dinima utvr\u0111ivanja postojanja legitimnog interesa, molimo Vas da nas kontaktirate na office@meterandcontrol.com.<\/p>\n<\/td>\n<\/tr>\n<\/tbody>\n<\/table>\n<p>&nbsp;<\/p>\n<p>&nbsp;<\/p>\n<p style=\"font-weight: 400;\"><strong>KAKO METER&amp;CONTROL \u010cUVA MOJE PODATKE O LI\u010cNOSTI?<\/strong><\/p>\n<p>&nbsp;<\/p>\n<p style=\"font-weight: 400;\">Meter&amp;Control je posve\u0107en za\u0161titi i po\u0161tovanju Va\u0161ih podataka o li\u010dnosti. Ne delimo Va\u0161e podatke o li\u010dnosti sa tre\u0107im licima, osim ukoliko:<\/p>\n<ul>\n<li style=\"list-style-type: none;\">\n<ul>\n<li>imamo Va\u0161u saglasnost za to,<\/li>\n<li>smo zakonom obavezani da podelimo odre\u0111ene informacije, u koje spadaju i Va\u0161i li\u010dni podaci, sa npr. organima javne vlasti; u tom slu\u010daju, nismo du\u017eni da tra\u017eimo Va\u0161u dodatnu saglasnost za deljenje Va\u0161ih podataka o li\u010dnosti<\/li>\n<\/ul>\n<\/li>\n<\/ul>\n<p style=\"font-weight: 400;\">Dodatno, Meter&amp;Control anga\u017euje spoljne obra\u0111iva\u010de podataka za preduzimanje pojedinih radnji obrade podataka.<\/p>\n<p style=\"font-weight: 400;\">Meter&amp;Control ima uspostavljene veoma striktne procedure i mere usmerene na detaljnu analizu, procenu i proveru svih obra\u0111iva\u010da pre zasnivanja poslovnog odnosa sa njima. U tom smislu, prikupljamo dokumentaciju, sertifikate i reference obra\u0111iva\u010da kako bismo bili sigurni da \u0107e obra\u0111iva\u010d na adekvatan, odgovaraju\u0107i i efikasan na\u010din sprovesti zadatak zbog kog je anga\u017eovan.<\/p>\n<p>&nbsp;<\/p>\n<p>&nbsp;<\/p>\n<p><strong>DELJENJE VA\u0160IH PODATAKA O LI\u010cNOSTI<\/strong><\/p>\n<p>&nbsp;<\/p>\n<p style=\"font-weight: 400;\">Koristimo odgovarajuc\u0301e administrativne, tehni\u010dke, organizacione i druge mere kako bismo obezbedili odgovaraju\u0107i stepen za\u0161tite Va\u0161ih li\u010dnih podataka koje prikupljamo i obra\u0111ujemo. Prilikom procene da li su primenjene mere adekvatne i da li je stepen za\u0161tite odgovaraju\u0107i, uzimamo u obzir prirodu podataka o li\u010dnosti koje prikupljamo i prirodu obrade koju vr\u0161imo, rizike prilikom obrade podataka o li\u010dnosti, tro\u0161kove implementacije za\u0161titnih mera i druge okolnosti od zna\u010daja u konkretnom slu\u010daju.<\/p>\n<p style=\"font-weight: 400;\">Pojedine za\u0161titne mere koje primenjujemo uklju\u010duju kontrolu pristupa, klasifikaciju informacija (i rukovanje njima), za\u0161titu integriteta i poverljivosti, bekap podataka, firewall tehnologiju, enkripciju podataka i druge odgovaraju\u0107e mere. \u010clanovi na\u0161eg tima su obu\u010deni i poseduju odgovaraju\u0107a znanja i razumeju zna\u010daj poverljivosti za\u0161tite Va\u0161ih podataka o li\u010dnosti.<\/p>\n<p style=\"font-weight: 400;\">U nastavku su navedeni obra\u0111iva\u010di sa kojima delimo podatke o Vama:<\/p>\n<p>&nbsp;<\/p>\n<table style=\"font-weight: 400;\">\n<tbody>\n<tr>\n<td style=\"text-align: left;\" width=\"200\">OBRA\u0110IVA\u010c<\/td>\n<td style=\"text-align: left;\" width=\"200\">ULOGA<\/td>\n<td style=\"text-align: left;\" width=\"200\">SEDI\u0160TE<\/td>\n<\/tr>\n<tr>\n<td width=\"200\">\n<p style=\"text-align: left;\">The Rocket Science Group,<\/p>\n<p style=\"text-align: left;\">LLC (MailChimp)<\/p>\n<p>&nbsp;<\/td>\n<td width=\"200\">\n<p style=\"text-align: left;\">Email (marketin\u0161ke) usluge zasnovane na Cloud tehnologiji<\/p>\n<p>&nbsp;<\/td>\n<td style=\"text-align: left;\" width=\"200\">SAD<\/td>\n<\/tr>\n<tr>\n<td width=\"200\">\n<p style=\"text-align: left;\">Google LLC<\/p>\n<p>&nbsp;<\/td>\n<td width=\"200\">\n<p style=\"text-align: left;\">Analiti\u010dke usluge<\/p>\n<p>&nbsp;<\/td>\n<td style=\"text-align: left;\" width=\"200\">SAD<\/td>\n<\/tr>\n<tr>\n<td style=\"text-align: left;\" width=\"200\">Meta Platforms, Inc.<\/td>\n<td width=\"200\">\n<p style=\"text-align: left;\">Analiti\u010dke i marketin\u0161ke usluge<\/p>\n<p>&nbsp;<\/td>\n<td style=\"text-align: left;\" width=\"200\">SAD<\/td>\n<\/tr>\n<tr>\n<td style=\"text-align: left;\" width=\"200\">LinkedIn Corporation<\/td>\n<td width=\"200\">\n<p style=\"text-align: left;\">Analiti\u010dke i marketin\u0161ke usluge<\/p>\n<p>&nbsp;<\/td>\n<td style=\"text-align: left;\" width=\"200\">SAD<\/td>\n<\/tr>\n<\/tbody>\n<\/table>\n<p>&nbsp;<\/p>\n<p>&nbsp;<\/p>\n<p style=\"font-weight: 400;\"><strong>KOLA\u010cI\u0106I<\/strong><\/p>\n<p>&nbsp;<\/p>\n<p style=\"font-weight: 400;\">Vebsajt koristi kola\u010di\u0107e kako bismo Vas razlikovali od ostalih korisnika vebsajta. Oni nam poma\u017eu da Vam omogu\u0107imo optimalno korisni\u010dko iskustvo prilikom pretra\u017eivanja vebsajta, kao i njegovog pobolj\u0161anja.<\/p>\n<p style=\"font-weight: 400;\">Meter&amp;Control d.o.o. upravlja samostalno serverima koji su u vlasni\u0161tvu Meter&amp;Control d.o.o.<\/p>\n<p style=\"font-weight: 400;\">Kola\u010di\u0107 (cookie) je mala datoteka sa slovima i brojevima koju memori\u0161emo na Va\u0161em pregleda\u010du i hard disku Va\u0161eg ra\u010dunara. Kola\u010di\u0107i sadr\u017ee informacije koje se prenose na hard disk Va\u0161eg ra\u010dunara.<\/p>\n<p style=\"font-weight: 400;\">Performance cookies su kola\u010di\u0107i koji prikupljaju informacije u cilju pobolj\u0161avanja na\u0161eg vebsajta:<\/p>\n<p>&nbsp;<\/p>\n<table style=\"font-weight: 400;\">\n<tbody>\n<tr>\n<td style=\"text-align: left;\" width=\"200\">NAZIV<\/td>\n<td style=\"text-align: left;\" width=\"200\">OBRA\u0110IVA\u010c<\/td>\n<td style=\"text-align: left;\" width=\"200\">UPOTREBA<\/td>\n<\/tr>\n<tr>\n<td width=\"200\">\n<p style=\"text-align: left;\">_cfduid, _biz_ flagsA, _biz nA, _biz_pendingA, _biz _uid, _hp2 id., _hp2_props.,<\/p>\n<p>sparrow id, sparrow init<\/td>\n<td style=\"text-align: left;\" width=\"200\">Cloudflare &#8211; cloudflare.com<\/td>\n<td style=\"text-align: left;\" width=\"200\">Za\u0161tita od malicioznih korisnika i pove\u0107anje bezbednosti servera i vebsajta<\/td>\n<\/tr>\n<tr>\n<td width=\"200\">_fbp, act, c_user, datr, fr,<\/p>\n<p style=\"text-align: left;\">presence, m_pixel_ratio, sb,<\/p>\n<p>spin, wd, xS<\/td>\n<td style=\"text-align: left;\" width=\"200\">FaceBook &#8211; facebook.com<\/td>\n<td style=\"text-align: left;\" width=\"200\">Marketin\u0161ke svrhe, u cilju unapre\u0111enja marketin\u0161kih kampanja na dru\u0161tvenim mre\u017eama<\/td>\n<\/tr>\n<tr>\n<td style=\"text-align: left;\" width=\"200\">_ga, gat, _gcl au, gid<\/td>\n<td style=\"text-align: left;\" width=\"200\">Google &#8211; google.com<\/td>\n<td style=\"text-align: left;\" width=\"200\">Prikupljanje i analiza podataka o pose\u0107enosti vebsajta i u marketin\u0161ke svrhe, radi pobolj\u0161anja kampanja na Google Ads platformi<\/td>\n<\/tr>\n<tr>\n<td style=\"text-align: left;\" width=\"200\">EU_COOKIE_LAW_CONSENT<\/td>\n<td style=\"text-align: left;\" width=\"200\">Meter&amp;Control d.o.o. &#8211; www.meterandcontrol.com<\/td>\n<td style=\"text-align: left;\" width=\"200\">Obave\u0161tavanje korisnika o politici privatnosti i upotrebi kola\u010di\u0107a na vebsajtu meterandcontrol.com<\/td>\n<\/tr>\n<\/tbody>\n<\/table>\n<p>&nbsp;<\/p>\n<p style=\"font-weight: 400;\">Vi\u0161e informacija o za\u0161titi podataka u vezi sa Google Analytics potra\u017eite na internet stranici\u00a0<a href=\"https:\/\/support.google.com\/analytics\/answer\/6004245?hl=sr\">Google Analytics<\/a>. Prikupljanje i obradu podataka (uklju\u010duju\u0107i i va\u0161u IP adresu) od strane Google Analytics-a mo\u017eete spre\u010diti instaliranjem dodatka za va\u0161 brauzer &#8222;<a href=\"https:\/\/tools.google.com\/dlpage\/gaoptout?hl=en\">Google Analytics Opt-out Browser Add-on<\/a>&#8222;.<\/p>\n<p style=\"font-weight: 400;\">Informacije prikupljene putem kola\u010di\u0107a se obra\u0111uju i \u010duvaju na serverima kojima upravlja Google i koji se nalaze u SAD. Va\u0161a IP adresa nec\u0301e biti povezana sa drugim podacima Google-a. Prikupljene informacije se mogu preneti na tre\u0107e strane u slu\u010daju zakonske obaveze ili ako trec\u0301e lice obra\u0111uje ove podatke po nalogu.<\/p>\n<p style=\"font-weight: 400;\">Imate mogu\u0107nost da prihvatate ili odbacujete kola\u010di\u0107e izmenom pode\u0161avanja u Va\u0161em pretra\u017eiva\u010du. Me\u0111utim, mo\u017eda ne\u0107ete mo\u0107i da koristite sva interaktivna svojstva na\u0161e internet stranice ako deaktivirate kola\u010di\u0107e.<\/p>\n<p style=\"font-weight: 400;\">Postoji vi\u0161e na\u010dina za upravljanje kola\u010di\u0107ima. Pogledajte uputstva za svoj pretra\u017eiva\u010d\u00a0 ili ekran za pomo\u0107 da biste saznali vi\u0161e o ovim funkcijama. Ako koristite razli\u010dite ra\u010dunare na razli\u010ditim lokacijama, potrebno je da podesite svaki pregleda\u010d prema Va\u0161im potrebama u pogledu kola\u010di\u0107a.<\/p>\n<p style=\"font-weight: 400;\">Neki moderni pretra\u017eiva\u010di imaju funkciju da analiziraju politike o privatnosti internet stranica i da omogu\u0107e korisniku da upravlja svojim potrebama u pogledu privatnosti. To je poznato kao &#8216;P3P&#8217; funkcija (eng.Privacy Preferences Platform).<\/p>\n<p style=\"font-weight: 400;\">Lako mo\u017eete da izbri\u0161ete bilo koji kola\u010di\u0107 koji se nalazi u direktorijumu sa kola\u010di\u0107ima u Va\u0161em pregleda\u010du.<\/p>\n<p>&nbsp;<\/p>\n<p>&nbsp;<\/p>\n<p style=\"font-weight: 400;\"><strong>ME\u0110UNARODNI PRENOS<\/strong><\/p>\n<p>&nbsp;<\/p>\n<p style=\"font-weight: 400;\">Va\u0161i podaci o li\u010dnosti mogu biti preneti van teritorije Republike Srbije. U tom slu\u010daju, Va\u0161e podatke \u0107emo preneti samo:<\/p>\n<ul>\n<li style=\"list-style-type: none;\">\n<ul>\n<li>U dr\u017eave koje su obezbedile odgovaraju\u0107i stepen za\u0161tite podataka o li\u010dnosti u skladu sa Zakonom o za\u0161titi podataka o li\u010dnosti RS (na primer, dr\u017eave Evropskog Ekonomskog Prostora)<\/li>\n<li>U dr\u017eave koje ne ispunjavaju uslove pod ta\u010dkom 1., ali samo uz preduzimanje odgovaraju\u0107ih za\u0161titnih mera u skladu sa odredbama GDPR. Na primer, ukoliko prenosimo podatke o li\u010dnosti primaocu u Sjedinjenim Ameri\u010dkim Dr\u017eavama (\u0161to je veoma verovatno, imaju\u0107i u vidu odredbe prethodnog Odeljka), prethodno \u0107emo osigurati da se na primaoca primenjuje EU\/US Privacy Shield pravni okvir, ili da je primalac potpisnik Sporazuma o za\u0161titi podataka u skladu sa primenjivim standardnim ugovornim klauzulama o za\u0161titi podataka o li\u010dnosti.<\/li>\n<\/ul>\n<\/li>\n<\/ul>\n<p>&nbsp;<\/p>\n<p>&nbsp;<\/p>\n<p style=\"font-weight: 400;\"><strong>KOLIKO DUGO \u010cUVAMO VA\u0160E PODATKE<\/strong><\/p>\n<p>&nbsp;<\/p>\n<p style=\"font-weight: 400;\">Va\u0161e\u00a0podatke o li\u010dnosti\u00a0ne \u010duvamo du\u017ee od onog vremena koje je neophodno da bi se realizovala svrha zbog koje su oni prikupljeni, odnosno ne du\u017ee od vremena za koje\u00a0imamo Va\u0161u saglasnost.<\/p>\n<p style=\"font-weight: 400;\">Na primer, ukoliko se odjavite sa na\u0161eg Newslettera, va\u0161i podaci c\u0301e biti automatski izbrisani.<\/p>\n<p style=\"font-weight: 400;\">Ukoliko ste putem na\u0161e stranice Karijera poslali prijavu za radno mesto zajedno sa motivacionim pismom ili CV-jem, izbrisa\u0107emo Va\u0161e li\u010dne podatke u roku od 3 meseca nakon \u0161to primimo va\u0161u prijavu, osim ukoliko ne postanete jedan od \u010dlanova na\u0161eg tima.<\/p>\n<p>&nbsp;<\/p>\n<p>&nbsp;<\/p>\n<p style=\"font-weight: 400;\"><strong>VA\u0160A PRAVA<\/strong><\/p>\n<p>&nbsp;<\/p>\n<p style=\"font-weight: 400;\">Kao lice \u010dije li\u010dne podatke prikupljamo, imate slede\u0107a prava:<\/p>\n<ul>\n<li style=\"list-style-type: none;\">\n<ul>\n<li>pravo da budete informisani o prikupljanju i obradi Va\u0161ih li\u010dnih podataka,<\/li>\n<li>pravo pristupa podacima koje smo prikupili o Vama,<\/li>\n<li>pravo na ispravu li\u010dnih podataka, u slu\u010daju nepotpunosti ili neta\u010dnosti,<\/li>\n<li>pravo na zaborav, tj. pravo da tra\u017eite da li\u010dni podaci koje imamo o Vama budu obrisani,<\/li>\n<li>pravo na opoziv pristanka za obradu li\u010dnih podataka, kada je pristanak osnov za obradu,<\/li>\n<li>pravo suprotstavljanja obradi li\u010dnih podataka,<\/li>\n<li>pravo da ulo\u017eite prigovor u pogledu obrade Va\u0161ih podataka u odre\u0111enu svrhu,<\/li>\n<li>pravo da podnesete \u017ealbu Povereniku za informacije od javnog zna\u010daja i za\u0161titu podataka o li\u010dnosti, u slu\u010daju da u roku od 30 dana od dana Va\u0161eg zahteva za ostvarivanje prava ne dobijete odgovor, ili ne budete zadovoljni odgovorom.<\/li>\n<\/ul>\n<\/li>\n<\/ul>\n<p style=\"font-weight: 400;\">Kako biste ostvarili ova prava, molimo Vas da nas kontaktirate na office@meterandcontrol.com<\/p>\n<p>&nbsp;<\/p>\n<p>&nbsp;<\/p>\n<p style=\"font-weight: 400;\"><strong>IZMENE POLITIKE PRIVATNOSTI<\/strong><\/p>\n<p>&nbsp;<\/p>\n<p style=\"font-weight: 400;\">Zadr\u017eavamo pravo da a\u017euriramo ovu Politiku privatnosti s vremena na vreme, u cilju pra\u0107enja izmena u zakonodavstvu i tehni\u010dkih inovacija. Sve izmene stupaju na snagu momentom objavljivanja na veb sajtu. Predla\u017eemo Vam da periodi\u010dno vr\u0161ite uvid u na\u0161u Politiku privatnosti.<\/p>\n<p style=\"font-weight: 400;\">Tra\u017ei\u0107emo Va\u0161 pristanak za sve materijalne izmene ove Politike privatnosti ako i gde to zahtevaju va\u017eec\u0301i zakoni o za\u0161titi podataka.<\/p>\n<p style=\"font-weight: 400;\">Ukoliko niste saglasni sa na\u0161om Politikom privatnosti, molimo Vas da odmah prestanete da koristite veb sajt i da se odjavite sa na\u0161eg Newslettera.<\/p>\n<p>&nbsp;<\/p>\n<p>&nbsp;<\/p>\n<p style=\"font-weight: 400;\"><strong>KONTAKTIRAJTE NAS<\/strong><\/p>\n<p>&nbsp;<\/p>\n<p style=\"font-weight: 400;\">U slu\u010daju da \u017eelite da koristite neko od svojih prava kao lice \u010dije li\u010dne podatke prikupljamo, ili u slu\u010daju bilo kojih drugih pitanja vezano za na\u0161u Politiku privatnosti, molimo Vas da nas kontaktirate na<a href=\"mailto:office@meterandcontrol.com\">\u00a0office@meterandcontrol.com<\/a>.<\/p>\n<p>[\/vc_column_text][\/vc_column][\/vc_row]<\/p>\n<\/div>","protected":false},"excerpt":{"rendered":"<p>[vc_row css_animation=&#8220;&#8220; row_type=&#8220;row&#8220; use_row_as_full_screen_section=&#8220;no&#8220; type=&#8220;full_width&#8220; angled_section=&#8220;no&#8220; text_align=&#8220;left&#8220; background_image_as_pattern=&#8220;without_pattern&#8220; row_negative_margin=&#8220;disable_negative_margin&#8220; padding_top=&#8220;40&#8243; padding_bottom=&#8220;70&#8243; z_index=&#8220;&#8220;][vc_column][vc_column_text] Mi cenimo Va\u0161u privatnost i posebno vodimo ra\u010duna&#8230;<\/p>\n","protected":false},"author":1,"featured_media":0,"parent":0,"menu_order":0,"comment_status":"closed","ping_status":"closed","template":"","meta":{"_acf_changed":false,"inline_featured_image":false,"footnotes":""},"class_list":["post-657","page","type-page","status-publish","hentry"],"acf":[],"_links":{"self":[{"href":"https:\/\/www.meterandcontrol.com\/sr\/wp-json\/wp\/v2\/pages\/657","targetHints":{"allow":["GET"]}}],"collection":[{"href":"https:\/\/www.meterandcontrol.com\/sr\/wp-json\/wp\/v2\/pages"}],"about":[{"href":"https:\/\/www.meterandcontrol.com\/sr\/wp-json\/wp\/v2\/types\/page"}],"author":[{"embeddable":true,"href":"https:\/\/www.meterandcontrol.com\/sr\/wp-json\/wp\/v2\/users\/1"}],"replies":[{"embeddable":true,"href":"https:\/\/www.meterandcontrol.com\/sr\/wp-json\/wp\/v2\/comments?post=657"}],"version-history":[{"count":24,"href":"https:\/\/www.meterandcontrol.com\/sr\/wp-json\/wp\/v2\/pages\/657\/revisions"}],"predecessor-version":[{"id":4704,"href":"https:\/\/www.meterandcontrol.com\/sr\/wp-json\/wp\/v2\/pages\/657\/revisions\/4704"}],"wp:attachment":[{"href":"https:\/\/www.meterandcontrol.com\/sr\/wp-json\/wp\/v2\/media?parent=657"}],"curies":[{"name":"wp","href":"https:\/\/api.w.org\/{rel}","templated":true}]}}