{"id":766,"date":"2018-07-17T14:13:57","date_gmt":"2018-07-17T14:13:57","guid":{"rendered":"https:\/\/www.meterandcontrol.com\/?page_id=766"},"modified":"2025-05-15T15:10:00","modified_gmt":"2025-05-15T15:10:00","slug":"career","status":"publish","type":"page","link":"https:\/\/www.meterandcontrol.com\/sr\/career\/","title":{"rendered":"Karijera"},"content":{"rendered":"<div class=\"wpb-content-wrapper\"><p>[vc_row css_animation=&#8220;&#8220; row_type=&#8220;row&#8220; use_row_as_full_screen_section=&#8220;no&#8220; type=&#8220;full_width&#8220; angled_section=&#8220;no&#8220; text_align=&#8220;left&#8220; background_image=&#8220;334&#8243; background_image_as_pattern=&#8220;without_pattern&#8220; row_negative_margin=&#8220;disable_negative_margin&#8220; padding_top=&#8220;200&#8243; padding_bottom=&#8220;200&#8243; z_index=&#8220;&#8220;][vc_column][vc_row_inner row_type=&#8220;row&#8220; type=&#8220;grid&#8220; text_align=&#8220;left&#8220; row_negative_margin=&#8220;disable_negative_margin&#8220; css_animation=&#8220;&#8220;][vc_column_inner][vc_column_text el_class=&#8220;main-title h1&#8243;]<\/p>\n<h1>Napredujmo zajedno<\/h1>\n<p>[\/vc_column_text][\/vc_column_inner][\/vc_row_inner][\/vc_column][\/vc_row][vc_row css_animation=&#8220;&#8220; row_type=&#8220;row&#8220; use_row_as_full_screen_section=&#8220;no&#8220; type=&#8220;full_width&#8220; angled_section=&#8220;no&#8220; text_align=&#8220;left&#8220; background_image_as_pattern=&#8220;without_pattern&#8220;][vc_column][vc_empty_space height=&#8220;50px&#8220; el_class=&#8220;mobile-space&#8220;][\/vc_column][\/vc_row][vc_row css_animation=&#8220;&#8220; row_type=&#8220;row&#8220; use_row_as_full_screen_section=&#8220;no&#8220; type=&#8220;grid&#8220; angled_section=&#8220;no&#8220; text_align=&#8220;left&#8220; background_image_as_pattern=&#8220;without_pattern&#8220; row_negative_margin=&#8220;disable_negative_margin&#8220; z_index=&#8220;&#8220;][vc_column][qode_elements_holder number_of_columns=&#8220;one_column&#8220; switch_to_one_column=&#8220;768&#8243; alignment_one_column=&#8220;left&#8220;][qode_elements_holder_item background_color=&#8220;#ffffff&#8220; item_padding=&#8220;80px 80px 80px 80px&#8220; vertical_alignment=&#8220;top&#8220; advanced_animations=&#8220;no&#8220; item_padding_600_768=&#8220;20px 20px 20px 20px&#8220; item_padding_480_600=&#8220;20px 20px 20px 20px&#8220; item_padding_480=&#8220;20px 20px 20px 20px&#8220;][vc_column_text el_class=&#8220;home-section-2 p&#8220;]<span style=\"color: #808080;\">Kao vode\u0107a kompanija u sektoru, koja je povezana s akademskom zajednicom, konstantno smo u potrazi za mladim talentima i podr\u017eavamo njihov razvoj kroz stipendiranje, mentoring i \u0161anse za zapo\u010dinjanje karijere.<\/span>[\/vc_column_text][vc_empty_space][vc_column_text]<span style=\"color: #808080;\">Ako ste student zavr\u0161nih godina BSc ili Msc <strong>elektrotehnike<\/strong>,<strong> ma\u0161instva<\/strong>, <strong>organizacionih nauka<\/strong> ili <strong>matematike<\/strong>, nudimo vam razne mogu\u0107nosti za po\u010detak karijere u modernom i dinami\u010dnom okru\u017eenju koje je bazirano na znanju i prakti\u010dnom iskustvu i orijentisano je ka vode\u0107im rezultatima u sektoru.<\/span>[\/vc_column_text][vc_empty_space][vc_column_text el_class=&#8220;home-section-2 p&#8220;]Zaposlenje[\/vc_column_text][vc_empty_space][vc_column_text]Zbog kontinuiranog rasta, na\u0161a kompanija ima otvorene pozicije za in\u017eenjere i studente s iskustvom u slede\u0107im oblastima:<\/p>\n<p><b>Hardver \u2013 <\/b>embedded systems, C\/C++, FRTOS, embedded Linux ili Windows, PCB, EMC, Altium<\/p>\n<p><b>Softver \u2013<\/b> .Net, .Net Compact, C#, SQL Server \/ EntityFramework, WPF \/ Silverlight, Web API[\/vc_column_text][vc_column_text][\/vc_column_text][vc_empty_space][vc_column_text el_class=&#8220;home-section-2 p&#8220;]Otvorene pozicije[\/vc_column_text][vc_column_text]        <div>\n            <div>\n                  <div class=\"job-list\">Trenutno nema otvorenih pozicija.<\/div>            <\/div>\n        <\/div>\n    [\/vc_column_text][vc_empty_space][\/qode_elements_holder_item][\/qode_elements_holder][\/vc_column][\/vc_row][vc_row css_animation=&#8220;&#8220; row_type=&#8220;row&#8220; use_row_as_full_screen_section=&#8220;no&#8220; type=&#8220;full_width&#8220; angled_section=&#8220;no&#8220; text_align=&#8220;left&#8220; background_image_as_pattern=&#8220;without_pattern&#8220;][vc_column][vc_empty_space height=&#8220;50px&#8220; el_class=&#8220;mobile-space&#8220;][\/vc_column][\/vc_row]<\/p>\n<\/div>","protected":false},"excerpt":{"rendered":"<p>[vc_row css_animation=&#8220;&#8220; row_type=&#8220;row&#8220; use_row_as_full_screen_section=&#8220;no&#8220; type=&#8220;full_width&#8220; angled_section=&#8220;no&#8220; text_align=&#8220;left&#8220; background_image=&#8220;334&#8243; background_image_as_pattern=&#8220;without_pattern&#8220; row_negative_margin=&#8220;disable_negative_margin&#8220; padding_top=&#8220;200&#8243; padding_bottom=&#8220;200&#8243; z_index=&#8220;&#8220;][vc_column][vc_row_inner row_type=&#8220;row&#8220; type=&#8220;grid&#8220; text_align=&#8220;left&#8220; row_negative_margin=&#8220;disable_negative_margin&#8220; css_animation=&#8220;&#8220;][vc_column_inner][vc_column_text el_class=&#8220;main-title h1&#8243;]&#8230;<\/p>\n","protected":false},"author":1,"featured_media":0,"parent":0,"menu_order":0,"comment_status":"closed","ping_status":"closed","template":"full_width.php","meta":{"_acf_changed":false,"inline_featured_image":false,"footnotes":""},"class_list":["post-766","page","type-page","status-publish","hentry"],"acf":[],"_links":{"self":[{"href":"https:\/\/www.meterandcontrol.com\/sr\/wp-json\/wp\/v2\/pages\/766","targetHints":{"allow":["GET"]}}],"collection":[{"href":"https:\/\/www.meterandcontrol.com\/sr\/wp-json\/wp\/v2\/pages"}],"about":[{"href":"https:\/\/www.meterandcontrol.com\/sr\/wp-json\/wp\/v2\/types\/page"}],"author":[{"embeddable":true,"href":"https:\/\/www.meterandcontrol.com\/sr\/wp-json\/wp\/v2\/users\/1"}],"replies":[{"embeddable":true,"href":"https:\/\/www.meterandcontrol.com\/sr\/wp-json\/wp\/v2\/comments?post=766"}],"version-history":[{"count":21,"href":"https:\/\/www.meterandcontrol.com\/sr\/wp-json\/wp\/v2\/pages\/766\/revisions"}],"predecessor-version":[{"id":4825,"href":"https:\/\/www.meterandcontrol.com\/sr\/wp-json\/wp\/v2\/pages\/766\/revisions\/4825"}],"wp:attachment":[{"href":"https:\/\/www.meterandcontrol.com\/sr\/wp-json\/wp\/v2\/media?parent=766"}],"curies":[{"name":"wp","href":"https:\/\/api.w.org\/{rel}","templated":true}]}}