{"id":774,"date":"2018-07-17T14:36:12","date_gmt":"2018-07-17T14:36:12","guid":{"rendered":"https:\/\/www.meterandcontrol.com\/?page_id=774"},"modified":"2025-01-22T18:41:27","modified_gmt":"2025-01-22T18:41:27","slug":"company","status":"publish","type":"page","link":"https:\/\/www.meterandcontrol.com\/sr\/company\/","title":{"rendered":"Kompanija"},"content":{"rendered":"<div class=\"wpb-content-wrapper\"><p>[vc_row css_animation=&#8220;&#8220; row_type=&#8220;row&#8220; use_row_as_full_screen_section=&#8220;no&#8220; type=&#8220;full_width&#8220; angled_section=&#8220;no&#8220; text_align=&#8220;left&#8220; background_image=&#8220;2204&#8243; background_image_as_pattern=&#8220;without_pattern&#8220; row_negative_margin=&#8220;disable_negative_margin&#8220; padding_top=&#8220;200&#8243; padding_bottom=&#8220;200&#8243; z_index=&#8220;&#8220;][vc_column][vc_row_inner row_type=&#8220;row&#8220; type=&#8220;grid&#8220; text_align=&#8220;left&#8220; row_negative_margin=&#8220;disable_negative_margin&#8220; css_animation=&#8220;&#8220;][vc_column_inner][vc_column_text el_class=&#8220;main-title h1&#8243;][\/vc_column_text][\/vc_column_inner][\/vc_row_inner][\/vc_column][\/vc_row][vc_row css_animation=&#8220;&#8220; row_type=&#8220;row&#8220; use_row_as_full_screen_section=&#8220;no&#8220; type=&#8220;full_width&#8220; angled_section=&#8220;no&#8220; text_align=&#8220;left&#8220; background_image_as_pattern=&#8220;without_pattern&#8220;][vc_column][vc_empty_space height=&#8220;50px&#8220; el_class=&#8220;mobile-space&#8220;][\/vc_column][\/vc_row][vc_row css_animation=&#8220;&#8220; row_type=&#8220;row&#8220; use_row_as_full_screen_section=&#8220;no&#8220; type=&#8220;grid&#8220; angled_section=&#8220;no&#8220; text_align=&#8220;left&#8220; background_image_as_pattern=&#8220;without_pattern&#8220; row_negative_margin=&#8220;disable_negative_margin&#8220; z_index=&#8220;&#8220;][vc_column][qode_elements_holder number_of_columns=&#8220;one_column&#8220; switch_to_one_column=&#8220;768&#8243; alignment_one_column=&#8220;left&#8220;][qode_elements_holder_item background_color=&#8220;#ffffff&#8220; item_padding=&#8220;80px 80px 40px 80px&#8220; vertical_alignment=&#8220;top&#8220; advanced_animations=&#8220;no&#8220; item_padding_600_768=&#8220;20px 20px 20px 20px&#8220; item_padding_480_600=&#8220;20px 20px 20px 20px&#8220; item_padding_480=&#8220;20px 20px 20px 20px&#8220;][vc_column_text el_class=&#8220;home-section-2 p&#8220;]Smart metering je u na\u0161em DNK[\/vc_column_text][vc_empty_space][vc_column_text]<\/p>\n<p class=\"p1\"><span style=\"color: #808080;\">Meter&amp;Control je blisko povezan sa po\u010decima tehnologije smart meteringa. Kompanija je nastala na pionirskom istra\u017eivanju PLC tehnologije koje je sprovela grupa in\u017eenjera na Elektrotehni\u010dkom fakultetu u Beogradu osamdesetih godina. Ovaj tim je konstruisao je jedan od prvih PLC modema u svetu, postav\u0161i tako jedan od pionira AMR tehnologije. Osnivanjem kompanije Meter&amp;Control, ovaj inovativni projekat je u\u0161ao u novu fazu \u0161irenja portfolija proizvoda i komercijalne ekspanzije.<\/span><\/p>\n<p>[\/vc_column_text][vc_empty_space height=&#8220;50px&#8220;][vc_column_text el_class=&#8220;home-section-2 p&#8220;]Na vrhu tehnologije[\/vc_column_text][vc_empty_space][vc_column_text]<\/p>\n<p class=\"p1\"><span style=\"color: #808080;\">Posve\u0107eni smo neprestanom usavr\u0161avanju i isporu\u010divanju najmodernijih re\u0161enja tr\u017ei\u0161tu, zbog \u010dega kontinuirano investiramo u \u010detiri klju\u010dne komponente: standardizaciju, kvalitet, istra\u017eivanje i razvoj i podr\u0161ku kupcima. Meter&amp;Control poseduje najmoderniju laboratoriju za istra\u017eivanje i razvoj koja je deo na\u0161eg integrisanog procesa u kojoj se razvijaju nove ideje, implementiraju najnovije tehnologije, i vr\u0161e rutinska i finalna testiranja i overa.<\/span><\/p>\n<p>[\/vc_column_text][vc_empty_space height=&#8220;50px&#8220;][vc_column_text el_class=&#8220;home-section-2 p&#8220;]Ovla\u0161\u0107eno telo[\/vc_column_text][vc_empty_space][vc_column_text]<\/p>\n<p class=\"p1\"><span style=\"color: #808080;\">Meter&amp;Control je prva privatna kompanija u Srbiji koja je postala ovla\u0161\u0107eno telo za verifikaciju elektri\u010dnih brojila.<\/span><\/p>\n<p>[\/vc_column_text][vc_empty_space]\n\n\t<a href=\"https:\/\/www.meterandcontrol.com\/wp-content\/uploads\/2025\/01\/MeterControl-kompanijska-brosura-2025.pdf\" target=\"_self\" style=\"color: #4a4a4a;font-size: 16px;font-weight: 600\" class=\"qode-btn qode-btn-medium qode-btn-simple qode-btn-icon icon-button qode-btn-default-hover\"  >\n\t    <span class=\"qode-btn-text\">Preuzmite korporativnu bro\u0161uru<\/span><span class=\"qode-button-v2-icon-holder\"  ><i class=\"qode_icon_font_awesome fa fa-long-arrow-right qode-button-v2-icon-holder-inner\" ><\/i><\/span>\t<\/a>\n\n[vc_empty_space height=&#8220;50px&#8220;][vc_column_text el_class=&#8220;home-section-2 p&#8220;]\u010clanstvo u organizacijama[\/vc_column_text][vc_empty_space][vc_column_text]<span style=\"color: #808080;\">Meter&amp;Control je \u010dlan vode\u0107ih industrijskih asocijacija.<\/span>[\/vc_column_text][vc_empty_space][vc_single_image image=&#8220;3122&#8243; img_size=&#8220;full&#8220; qode_css_animation=&#8220;&#8220;][vc_empty_space height=&#8220;50px&#8220;][\/qode_elements_holder_item][\/qode_elements_holder][\/vc_column][\/vc_row][vc_row css_animation=&#8220;&#8220; row_type=&#8220;row&#8220; use_row_as_full_screen_section=&#8220;no&#8220; type=&#8220;grid&#8220; angled_section=&#8220;no&#8220; text_align=&#8220;left&#8220; background_image_as_pattern=&#8220;without_pattern&#8220; row_negative_margin=&#8220;disable_negative_margin&#8220; z_index=&#8220;&#8220;][vc_column][qode_elements_holder number_of_columns=&#8220;two_columns&#8220; switch_to_one_column=&#8220;768&#8243; alignment_one_column=&#8220;left&#8220;][qode_elements_holder_item background_color=&#8220;#f2f2f2&#8243; item_padding=&#8220;80px 80px 80px 80px&#8220; vertical_alignment=&#8220;top&#8220; advanced_animations=&#8220;no&#8220; item_padding_600_768=&#8220;20px 20px 20px 20px&#8220; item_padding_480_600=&#8220;20px 20px 20px 20px&#8220; item_padding_480=&#8220;20px 20px 20px 20px&#8220;][vc_column_text el_class=&#8220;home-section-2 p&#8220;]Na\u0161a misija[\/vc_column_text][vc_empty_space][vc_column_text]<span style=\"color: #808080;\">Moderna i pouzdana re\u0161enja za pametno upravljanje energijom kroz rano usvajanje novih tehnologija, zaokru\u017eeni proces razvoja i proizvodnje i individualni pristup zahtevima kupaca.<\/span>[\/vc_column_text][\/qode_elements_holder_item][qode_elements_holder_item background_color=&#8220;#f7f7f7&#8243; item_padding=&#8220;80px 80px 80px 80px&#8220; vertical_alignment=&#8220;top&#8220; advanced_animations=&#8220;no&#8220; item_padding_600_768=&#8220;20px 20px 20px 20px&#8220; item_padding_480_600=&#8220;20px 20px 20px 20px&#8220; item_padding_480=&#8220;20px 20px 20px 20px&#8220;][vc_column_text el_class=&#8220;home-section-2 p&#8220;]Na\u0161a vizija[\/vc_column_text][vc_empty_space][vc_column_text]<span style=\"color: #808080;\">Vode\u0107a nezavisna kompanija u oblasti pametnog upravljanja energijom \u010dija re\u0161enja stvaraju dodatu energetsku, finansijsku i ekolo\u0161ku vrednost.<\/span>[\/vc_column_text][\/qode_elements_holder_item][\/qode_elements_holder][\/vc_column][\/vc_row][vc_row css_animation=&#8220;&#8220; row_type=&#8220;row&#8220; use_row_as_full_screen_section=&#8220;no&#8220; type=&#8220;grid&#8220; angled_section=&#8220;no&#8220; text_align=&#8220;left&#8220; background_image_as_pattern=&#8220;without_pattern&#8220; row_negative_margin=&#8220;disable_negative_margin&#8220; z_index=&#8220;&#8220;][vc_column][qode_elements_holder number_of_columns=&#8220;two_columns&#8220; switch_to_one_column=&#8220;768&#8243; alignment_one_column=&#8220;left&#8220;][qode_elements_holder_item background_color=&#8220;#ffffff&#8220; item_padding=&#8220;20px 80px 40px 80px&#8220; vertical_alignment=&#8220;top&#8220; advanced_animations=&#8220;no&#8220; item_padding_768_1024=&#8220;20px 20px 20px 20px&#8220; item_padding_600_768=&#8220;20px 20px 20px 20px&#8220; item_padding_480_600=&#8220;20px 20px 20px 20px&#8220; item_padding_480=&#8220;20px 20px 20px 20px&#8220;][vc_empty_space height=&#8220;50px&#8220;][vc_column_text el_class=&#8220;home-section-2 p&#8220;]Na\u0161e vrednosti[\/vc_column_text][vc_empty_space][vc_single_image image=&#8220;782&#8243; img_size=&#8220;full&#8220; alignment=&#8220;center&#8220; qode_css_animation=&#8220;&#8220;][\/qode_elements_holder_item][qode_elements_holder_item background_color=&#8220;#ffffff&#8220; item_padding=&#8220;20px 80px 40px 80px&#8220; vertical_alignment=&#8220;top&#8220; advanced_animations=&#8220;no&#8220; item_padding_600_768=&#8220;20px 20px 20px 20px&#8220; item_padding_480_600=&#8220;20px 20px 20px 20px&#8220; item_padding_480=&#8220;20px 20px 20px 20px&#8220;][vc_empty_space height=&#8220;100px&#8220; el_class=&#8220;mobile-space&#8220;]<div class=\"qode-accordion-holder clearfix qode-accordion qode-initial \">\n\t<h4 class=\"clearfix qode-title-holder\">\n<span class=\"qode-tab-title\">\n\t    <span class=\"qode-tab-title-inner\">\n        Kompetentnost    <\/span>\n<\/span>\n<span class=\"qode-accordion-mark\">\n    <span class=\"qode-accordion-mark-icon\">\n        <span class=\"icon_plus\"><\/span>\n        <span class=\"icon_minus-06\"><\/span>\n    <\/span>\n<\/span>\n<\/h4>\n<div  class=\"qode-accordion-content \" >\n    <div class=\"qode-accordion-content-inner\">\n        [vc_column_text]<span style=\"color: #808080;\">Stru\u010dnost, kreativnost i originalno razmi\u0161ljanje, stalan kontakt sa najnovijim trendovima u industriji i uspe\u0161na realizacija projekata na me\u0111unarodnim tr\u017ei\u0161tima, \u010dine na\u0161u bazu znanja i iskustva u projektovanju i proizvodnji, kao i spremnost i kompetentnost i za najkompleksnije zahteve na\u0161ih klijenata.<\/span>[\/vc_column_text]    <\/div>\n<\/div><h4 class=\"clearfix qode-title-holder\">\n<span class=\"qode-tab-title\">\n\t    <span class=\"qode-tab-title-inner\">\n        Pouzdanost    <\/span>\n<\/span>\n<span class=\"qode-accordion-mark\">\n    <span class=\"qode-accordion-mark-icon\">\n        <span class=\"icon_plus\"><\/span>\n        <span class=\"icon_minus-06\"><\/span>\n    <\/span>\n<\/span>\n<\/h4>\n<div  class=\"qode-accordion-content \" >\n    <div class=\"qode-accordion-content-inner\">\n        [vc_column_text]<span style=\"color: #808080;\">Mi smo pouzdan partner. Ve\u0107 od prvog kontakta, u komunikaciji, dogovorima, profesionalnim re\u0161enjima i gotovim projektima. Kvalitet na\u0161ih proizvoda i usluga garantuje pouzdano dugogodi\u0161nje funkcionisanje sistema. Svi na\u0161i stejkholderi se mogu dugoro\u010dno osloniti na vrednosti koje stvaramo za njih.<\/span>[\/vc_column_text]    <\/div>\n<\/div><h4 class=\"clearfix qode-title-holder\">\n<span class=\"qode-tab-title\">\n\t    <span class=\"qode-tab-title-inner\">\n        Fleksibilnost    <\/span>\n<\/span>\n<span class=\"qode-accordion-mark\">\n    <span class=\"qode-accordion-mark-icon\">\n        <span class=\"icon_plus\"><\/span>\n        <span class=\"icon_minus-06\"><\/span>\n    <\/span>\n<\/span>\n<\/h4>\n<div  class=\"qode-accordion-content \" >\n    <div class=\"qode-accordion-content-inner\">\n        [vc_column_text]<span style=\"color: #808080;\">Grade\u0107i kompaniju po najstro\u017eim standardima, istovremeno smo razvijali fleksibilnost u poslovanju bez obzira na obim i slo\u017eenost projekta jer znamo koliko je nemogu\u0107e unapred isplanirati svaki detalj. Ne odstupaju\u0107i od kvaliteta i pouzdanosti, na\u0161a fleksibilnost garantuje uspe\u0161nu i celovitu realizaciju ugovorenih projekata.<\/span>[\/vc_column_text]    <\/div>\n<\/div><h4 class=\"clearfix qode-title-holder\">\n<span class=\"qode-tab-title\">\n\t    <span class=\"qode-tab-title-inner\">\n        Pamet    <\/span>\n<\/span>\n<span class=\"qode-accordion-mark\">\n    <span class=\"qode-accordion-mark-icon\">\n        <span class=\"icon_plus\"><\/span>\n        <span class=\"icon_minus-06\"><\/span>\n    <\/span>\n<\/span>\n<\/h4>\n<div  class=\"qode-accordion-content \" >\n    <div class=\"qode-accordion-content-inner\">\n        [vc_column_text]<span style=\"color: #808080;\">Sve \u0161to stvaramo i \u010demu te\u017eimo je pametno, u prefiksu i su\u0161tini: od pametnog upravljanja potro\u0161njom energije koje razvijamo, do pametnog o\u010duvanja \u010dovekove okoline i prirodnih resursa. Na\u0161 cilj je razvoj pametnih gradova koje \u017eelimo da pokre\u0107emo re\u0161enjima za pametne elektri\u010dne mre\u017ee i \u010diji deo \u017eelimo da budemo.<\/span>[\/vc_column_text]    <\/div>\n<\/div><h4 class=\"clearfix qode-title-holder\">\n<span class=\"qode-tab-title\">\n\t    <span class=\"qode-tab-title-inner\">\n        Ljudi    <\/span>\n<\/span>\n<span class=\"qode-accordion-mark\">\n    <span class=\"qode-accordion-mark-icon\">\n        <span class=\"icon_plus\"><\/span>\n        <span class=\"icon_minus-06\"><\/span>\n    <\/span>\n<\/span>\n<\/h4>\n<div  class=\"qode-accordion-content \" >\n    <div class=\"qode-accordion-content-inner\">\n        [vc_column_text]<span style=\"color: #808080;\">Na po\u010detku i na kraju svega \u0161to radimo su ljudi: od ljudi u na\u0161oj kompaniji koji stvaraju ideje i gotova re\u0161enja, do na\u0161ih kupaca i krajnjeg korisnika elektri\u010dne energije. Brinemo o ljudima oko nas, o ljudima kojima \u0107emo u\u010diniti \u017eivot i rad boljim, o budu\u0107im generacijama kojima ostavljamo planetu i njene resurse.<\/span>[\/vc_column_text]    <\/div>\n<\/div><\/div>[\/qode_elements_holder_item][\/qode_elements_holder][\/vc_column][\/vc_row][vc_row css_animation=&#8220;&#8220; row_type=&#8220;row&#8220; use_row_as_full_screen_section=&#8220;no&#8220; type=&#8220;grid&#8220; angled_section=&#8220;no&#8220; text_align=&#8220;left&#8220; background_image_as_pattern=&#8220;without_pattern&#8220; row_negative_margin=&#8220;disable_negative_margin&#8220; z_index=&#8220;&#8220;][vc_column][qode_elements_holder number_of_columns=&#8220;one_column&#8220; switch_to_one_column=&#8220;768&#8243; alignment_one_column=&#8220;left&#8220;][qode_elements_holder_item background_color=&#8220;#ffffff&#8220; item_padding=&#8220;0px 80px 80px 80px&#8220; vertical_alignment=&#8220;top&#8220; advanced_animations=&#8220;no&#8220; item_padding_600_768=&#8220;20px 20px 20px 20px&#8220; item_padding_480_600=&#8220;20px 20px 20px 20px&#8220; item_padding_480=&#8220;20px 20px 20px 20px&#8220;][vc_column_text el_class=&#8220;home-section-2 p&#8220;]Sistem upravljanja kvalitetom[\/vc_column_text][vc_empty_space][vc_column_text]<span style=\"color: #808080;\">Na\u0161i istra\u017eiva\u010dko-razvojni kapaciteti, kao i najvi\u0161i standardi kvaliteta proizvoda i usluga koje isporu\u010dujemo kupcima, zahtevaju jednako visok nivo standardizacije i upravljanja kvalitetom. U Meter&amp;Control prepoznajemo strate\u0161ku ulogu sistema upravljanja kvalitetom u dostizanju zadatih ciljeva, kao i merenja u\u010dinka svakog organizacionog segmenta u dostizanju tih ciljeva. Svi procesi u na\u0161oj kompaniji su uskla\u0111eni i sertifikovani prema relevantnim sistemima upravljanja kvalitetom.<\/span>[\/vc_column_text][vc_empty_space]\n\n\t<a href=\"https:\/\/www.meterandcontrol.com\/wp-content\/uploads\/2019\/08\/MeterControl-Politika-sistema-menadzmenta-190701.pdf\" target=\"_self\" style=\"color: #4a4a4a;font-size: 16px;font-weight: 600\" class=\"qode-btn qode-btn-medium qode-btn-simple qode-btn-icon icon-button qode-btn-default-hover\"  >\n\t    <span class=\"qode-btn-text\">Meter&amp;Control politika sistema menad\u017ementa<\/span><span class=\"qode-button-v2-icon-holder\"  ><i class=\"qode_icon_font_awesome fa fa-long-arrow-right qode-button-v2-icon-holder-inner\" ><\/i><\/span>\t<\/a>\n\n[vc_empty_space][vc_single_image image=&#8220;2801&#8243; img_size=&#8220;full&#8220; onclick=&#8220;custom_link&#8220; img_link_target=&#8220;_blank&#8220; qode_css_animation=&#8220;&#8220; link=&#8220;https:\/\/www.sgs.com\/en\/certified-clients-and-products#590&#8243;][\/qode_elements_holder_item][\/qode_elements_holder][\/vc_column][\/vc_row][vc_row css_animation=&#8220;&#8220; row_type=&#8220;row&#8220; use_row_as_full_screen_section=&#8220;no&#8220; type=&#8220;full_width&#8220; angled_section=&#8220;no&#8220; text_align=&#8220;left&#8220; background_image_as_pattern=&#8220;without_pattern&#8220;][vc_column][vc_empty_space height=&#8220;50px&#8220; el_class=&#8220;mobile-space&#8220;][\/vc_column][\/vc_row]<\/p>\n<\/div>","protected":false},"excerpt":{"rendered":"<p>[vc_row css_animation=&#8220;&#8220; row_type=&#8220;row&#8220; use_row_as_full_screen_section=&#8220;no&#8220; type=&#8220;full_width&#8220; angled_section=&#8220;no&#8220; text_align=&#8220;left&#8220; background_image=&#8220;2204&#8243; background_image_as_pattern=&#8220;without_pattern&#8220; row_negative_margin=&#8220;disable_negative_margin&#8220; padding_top=&#8220;200&#8243; padding_bottom=&#8220;200&#8243; z_index=&#8220;&#8220;][vc_column][vc_row_inner row_type=&#8220;row&#8220; type=&#8220;grid&#8220; text_align=&#8220;left&#8220; row_negative_margin=&#8220;disable_negative_margin&#8220; css_animation=&#8220;&#8220;][vc_column_inner][vc_column_text el_class=&#8220;main-title h1&#8243;][\/vc_column_text][\/vc_column_inner][\/vc_row_inner][\/vc_column][\/vc_row][vc_row&#8230;<\/p>\n","protected":false},"author":2,"featured_media":0,"parent":0,"menu_order":0,"comment_status":"closed","ping_status":"closed","template":"full_width.php","meta":{"_acf_changed":false,"inline_featured_image":false,"footnotes":""},"class_list":["post-774","page","type-page","status-publish","hentry"],"acf":[],"_links":{"self":[{"href":"https:\/\/www.meterandcontrol.com\/sr\/wp-json\/wp\/v2\/pages\/774","targetHints":{"allow":["GET"]}}],"collection":[{"href":"https:\/\/www.meterandcontrol.com\/sr\/wp-json\/wp\/v2\/pages"}],"about":[{"href":"https:\/\/www.meterandcontrol.com\/sr\/wp-json\/wp\/v2\/types\/page"}],"author":[{"embeddable":true,"href":"https:\/\/www.meterandcontrol.com\/sr\/wp-json\/wp\/v2\/users\/2"}],"replies":[{"embeddable":true,"href":"https:\/\/www.meterandcontrol.com\/sr\/wp-json\/wp\/v2\/comments?post=774"}],"version-history":[{"count":35,"href":"https:\/\/www.meterandcontrol.com\/sr\/wp-json\/wp\/v2\/pages\/774\/revisions"}],"predecessor-version":[{"id":4746,"href":"https:\/\/www.meterandcontrol.com\/sr\/wp-json\/wp\/v2\/pages\/774\/revisions\/4746"}],"wp:attachment":[{"href":"https:\/\/www.meterandcontrol.com\/sr\/wp-json\/wp\/v2\/media?parent=774"}],"curies":[{"name":"wp","href":"https:\/\/api.w.org\/{rel}","templated":true}]}}