{"id":795,"date":"2018-07-17T15:32:35","date_gmt":"2018-07-17T15:32:35","guid":{"rendered":"https:\/\/www.meterandcontrol.com\/?page_id=795"},"modified":"2020-10-19T12:46:11","modified_gmt":"2020-10-19T12:46:11","slug":"custom-solutions","status":"publish","type":"page","link":"https:\/\/www.meterandcontrol.com\/sr\/custom-solutions\/","title":{"rendered":"Custom solutions"},"content":{"rendered":"<div class=\"wpb-content-wrapper\"><p>[vc_row css_animation=&#8220;&#8220; row_type=&#8220;row&#8220; use_row_as_full_screen_section=&#8220;no&#8220; type=&#8220;full_width&#8220; angled_section=&#8220;no&#8220; text_align=&#8220;left&#8220; background_image_as_pattern=&#8220;without_pattern&#8220; row_negative_margin=&#8220;disable_negative_margin&#8220; padding_top=&#8220;40&#8243; padding_bottom=&#8220;70&#8243; z_index=&#8220;&#8220;][vc_column width=&#8220;1\/2&#8243;][vc_single_image image=&#8220;1448&#8243; img_size=&#8220;full&#8220; qode_css_animation=&#8220;&#8220;][\/vc_column][vc_column width=&#8220;1\/2&#8243;][vc_empty_space][vc_column_text el_class=&#8220;.home-section-2 p&#8220;]Sa integrisanim procesima istra\u017eivanja, razvoja i proizvodnje Meter&amp;Control nudi najmodernije komponente AMI sistema koje se jednostavno i efikasno integri\u0161u sa ure\u0111ajima i softverom drugih proizvo\u0111a\u010da.[\/vc_column_text][vc_empty_space][vc_column_text]<span style=\"color: #808080;\">Na\u0161a sposobnost da simuliramo realne uslove i razli\u010dite topologije mre\u017ea je klju\u010d na\u0161eg uspeha u stabilnom funkcionisanju i kreiranju dodate vrednosti za kupce. Odeljenje za istra\u017eivanje i razvoj razvija hardverske i softverske modifikacije i komunikacione tehnologije prema specifi\u010dnim zahtevima kupaca, u cilju ispunjenja regulativa, metrolo\u0161kih uslova, tehni\u010dkih specifikacija, sistemske integracije, ukupnih performansi i iskori\u0161\u0107enja tehnologije na terenu. Mnoge na\u0161e inovacije i nova re\u0161enja su nastali u bliskoj saradnji sa naru\u010diocima.<\/span><\/p>\n<p>&nbsp;<\/p>\n<p><span style=\"color: #808080;\">Otvoreni smo za razgovor i razmatranje va\u0161ih specifi\u010dnosti i zahteva, kako bismo razvili tehni\u010dki i finansijski optimalna re\u0161enja za njih.<\/span>[\/vc_column_text][\/vc_column][\/vc_row]<\/p>\n<\/div>","protected":false},"excerpt":{"rendered":"<p>[vc_row css_animation=&#8220;&#8220; row_type=&#8220;row&#8220; use_row_as_full_screen_section=&#8220;no&#8220; type=&#8220;full_width&#8220; angled_section=&#8220;no&#8220; text_align=&#8220;left&#8220; background_image_as_pattern=&#8220;without_pattern&#8220; row_negative_margin=&#8220;disable_negative_margin&#8220; padding_top=&#8220;40&#8243; padding_bottom=&#8220;70&#8243; z_index=&#8220;&#8220;][vc_column width=&#8220;1\/2&#8243;][vc_single_image image=&#8220;1448&#8243; img_size=&#8220;full&#8220; qode_css_animation=&#8220;&#8220;][\/vc_column][vc_column width=&#8220;1\/2&#8243;][vc_empty_space][vc_column_text el_class=&#8220;.home-section-2 p&#8220;]Sa integrisanim&#8230;<\/p>\n","protected":false},"author":2,"featured_media":0,"parent":0,"menu_order":0,"comment_status":"closed","ping_status":"closed","template":"","meta":{"_acf_changed":false,"inline_featured_image":false,"footnotes":""},"class_list":["post-795","page","type-page","status-publish","hentry"],"acf":[],"_links":{"self":[{"href":"https:\/\/www.meterandcontrol.com\/sr\/wp-json\/wp\/v2\/pages\/795","targetHints":{"allow":["GET"]}}],"collection":[{"href":"https:\/\/www.meterandcontrol.com\/sr\/wp-json\/wp\/v2\/pages"}],"about":[{"href":"https:\/\/www.meterandcontrol.com\/sr\/wp-json\/wp\/v2\/types\/page"}],"author":[{"embeddable":true,"href":"https:\/\/www.meterandcontrol.com\/sr\/wp-json\/wp\/v2\/users\/2"}],"replies":[{"embeddable":true,"href":"https:\/\/www.meterandcontrol.com\/sr\/wp-json\/wp\/v2\/comments?post=795"}],"version-history":[{"count":5,"href":"https:\/\/www.meterandcontrol.com\/sr\/wp-json\/wp\/v2\/pages\/795\/revisions"}],"predecessor-version":[{"id":2869,"href":"https:\/\/www.meterandcontrol.com\/sr\/wp-json\/wp\/v2\/pages\/795\/revisions\/2869"}],"wp:attachment":[{"href":"https:\/\/www.meterandcontrol.com\/sr\/wp-json\/wp\/v2\/media?parent=795"}],"curies":[{"name":"wp","href":"https:\/\/api.w.org\/{rel}","templated":true}]}}