{"id":806,"date":"2018-07-17T15:52:44","date_gmt":"2018-07-17T15:52:44","guid":{"rendered":"https:\/\/www.meterandcontrol.com\/?page_id=806"},"modified":"2024-06-20T13:35:56","modified_gmt":"2024-06-20T13:35:56","slug":"products","status":"publish","type":"page","link":"https:\/\/www.meterandcontrol.com\/sr\/products\/","title":{"rendered":"Proizvodi"},"content":{"rendered":"<div class=\"wpb-content-wrapper\"><p>[vc_row css_animation=&#8220;&#8220; row_type=&#8220;row&#8220; use_row_as_full_screen_section=&#8220;no&#8220; type=&#8220;full_width&#8220; angled_section=&#8220;no&#8220; text_align=&#8220;left&#8220; background_image_as_pattern=&#8220;without_pattern&#8220; row_negative_margin=&#8220;disable_negative_margin&#8220; z_index=&#8220;&#8220; el_class=&#8220;white-box&#8220;][vc_column][vc_column_text el_class=&#8220;home-section-2 p&#8220;]<\/p>\n<p class=\"p1\">Integrisani proces istra\u017eivanja, razvoja, proizvodnje i verifikacije odvija se u na\u0161oj kompaniji u Beogradu.<\/p>\n<p>Procesi proizvodnje i verifikacije, uskla\u0111enost sa regulativama EU i interoperabilnost, potvr\u0111eni su vode\u0107im sertifikatima u industriji:[\/vc_column_text][vc_empty_space][vc_row_inner row_type=&#8220;row&#8220; type=&#8220;full_width&#8220; text_align=&#8220;center&#8220; css_animation=&#8220;&#8220; el_class=&#8220;logos&#8220;][vc_column_inner width=&#8220;1\/2&#8243;][vc_column_text]<\/p>\n<p style=\"text-align: left;\"><span style=\"color: #808080;\">ISO\/IEC 17020 ovla\u0161\u0107eno telo tip C<\/span><\/p>\n<p style=\"text-align: left;\"><span style=\"color: #808080;\">MID-D sertifikat o sistemu kvaliteta proizvodnje<\/span><\/p>\n<p style=\"text-align: left;\"><span style=\"color: #808080;\">EU uverenje o tipu (MID B)<\/span><\/p>\n<p style=\"text-align: left;\"><span style=\"color: #808080;\">METAS MID B sertifikat izdat od Federalnog metrolo\u0161kog biroa \u0160vajcarske<\/span><\/p>\n<p style=\"text-align: left;\"><span style=\"color: #808080;\">Ispitivanja tipa obavljena u NMi Laboratories, Holandija<\/span><\/p>\n<p style=\"text-align: left;\"><span style=\"color: #808080;\">DLMS\/COSEM<\/span><\/p>\n<p style=\"text-align: left;\"><span style=\"color: #808080;\">IDIS paketi 1 i 2<\/span><\/p>\n<p style=\"text-align: left;\"><span style=\"color: #808080;\">EU Directive 2014\/32\/EU (MID B+D)<\/span><\/p>\n<p>[\/vc_column_text][\/vc_column_inner][vc_column_inner width=&#8220;1\/2&#8243;][vc_column_text]<\/p>\n<p style=\"text-align: left;\"><span style=\"color: #808080;\">ITU G.9903\/08-2017 (G3-PLC)<\/span><\/p>\n<p style=\"text-align: left;\"><span style=\"color: #808080;\">IEC 62052-11<\/span><\/p>\n<p style=\"text-align: left;\"><span style=\"color: #808080;\">IEC 62053-21<\/span><\/p>\n<p style=\"text-align: left;\"><span style=\"color: #808080;\">IEC 62053-23<\/span><\/p>\n<p style=\"text-align: left;\"><span style=\"color: #808080;\">EN 50470-1,3<\/span><\/p>\n<p style=\"text-align: left;\"><span style=\"color: #808080;\">IEC 62055-31<\/span><\/p>\n<p style=\"text-align: left;\"><span style=\"color: #808080;\">IEC 60529<\/span><\/p>\n<p>[\/vc_column_text][\/vc_column_inner][\/vc_row_inner][vc_empty_space][vc_row_inner row_type=&#8220;row&#8220; type=&#8220;full_width&#8220; text_align=&#8220;center&#8220; css_animation=&#8220;&#8220; el_class=&#8220;logos&#8220;][vc_column_inner width=&#8220;1\/6&#8243;][vc_single_image image=&#8220;1455&#8243; img_size=&#8220;full&#8220; alignment=&#8220;center&#8220; qode_css_animation=&#8220;&#8220;][\/vc_column_inner][vc_column_inner width=&#8220;1\/6&#8243;][vc_single_image image=&#8220;1457&#8243; img_size=&#8220;full&#8220; alignment=&#8220;center&#8220; qode_css_animation=&#8220;&#8220;][\/vc_column_inner][vc_column_inner width=&#8220;1\/6&#8243;][vc_single_image image=&#8220;2381&#8243; img_size=&#8220;100&#215;75&#8243; alignment=&#8220;center&#8220; qode_css_animation=&#8220;&#8220;][\/vc_column_inner][vc_column_inner width=&#8220;1\/6&#8243;][vc_single_image image=&#8220;2382&#8243; img_size=&#8220;100&#215;75&#8243; alignment=&#8220;center&#8220; qode_css_animation=&#8220;&#8220;][\/vc_column_inner][vc_column_inner width=&#8220;1\/6&#8243;][vc_single_image image=&#8220;2384&#8243; img_size=&#8220;100&#215;75&#8243; qode_css_animation=&#8220;&#8220;][\/vc_column_inner][vc_column_inner width=&#8220;1\/6&#8243;][vc_single_image image=&#8220;3239&#8243; img_size=&#8220;100&#215;75&#8243; qode_css_animation=&#8220;&#8220;][\/vc_column_inner][\/vc_row_inner][vc_empty_space height=&#8220;64px&#8220;][vc_row_inner row_type=&#8220;row&#8220; type=&#8220;full_width&#8220; text_align=&#8220;center&#8220; background_color=&#8220;#ffffff&#8220; css_animation=&#8220;&#8220; css=&#8220;.vc_custom_1602709466422{background-color: #ffffff !important;}&#8220;][vc_column_inner width=&#8220;1\/3&#8243; css=&#8220;.vc_custom_1602708099955{background-color: #ffffff !important;}&#8220;][vc_single_image image=&#8220;2024&#8243; img_size=&#8220;200&#215;200&#8243; alignment=&#8220;center&#8220; qode_css_animation=&#8220;&#8220; css=&#8220;.vc_custom_1602708345055{background-color: #ffffff !important;}&#8220;][vc_column_text css=&#8220;.vc_custom_1602859964588{padding-top: 32px !important;padding-bottom: 16px !important;background-color: #ffffff !important;}&#8220;]<span style=\"color: #0066b3;\">Integrisana pametna brojila<\/span>[\/vc_column_text]<a  itemprop=\"url\" href=\"https:\/\/www.meterandcontrol.com\/sr\/products\/ami-devices\/sx401-g3-plc\/\" target=\"_self\" data-hover-background-color=#0066b3  class=\"qbutton  small center white default\" style=\"margin: 5px; background-color: #808080;\">Sx401 G3-PLC<\/a><a  itemprop=\"url\" href=\"https:\/\/www.meterandcontrol.com\/sr\/products\/ami-devices\/sx401\/\" target=\"_self\" data-hover-background-color=#0066b3  class=\"qbutton  small center white default\" style=\"margin: 5px; background-color: #808080;\">Sx401 S-FSK<\/a><a  itemprop=\"url\" href=\"https:\/\/www.meterandcontrol.com\/sr\/products\/ami-devices\/sx402-s\/\" target=\"_self\" data-hover-background-color=#0066b3  class=\"qbutton  small center white default\" style=\"margin: 5px; background-color: #808080;\">Sx402 S LTE \/ CAT M1 \/ NB-IoT<\/a><a  itemprop=\"url\" href=\"https:\/\/www.meterandcontrol.com\/sr\/products\/ami-devices\/sx402\/\" target=\"_self\" data-hover-background-color=#0066b3  class=\"qbutton  small center white default\" style=\"margin: 5px; background-color: #808080;\">Sx402 GPRS\/3G<\/a><a  itemprop=\"url\" href=\"https:\/\/www.meterandcontrol.com\/sr\/products\/ami-devices\/sx405\/\" target=\"_self\" data-hover-background-color=#0066b3  class=\"qbutton  small center white default\" style=\"margin: 5px; background-color: #808080;\">Sx405 RS485<\/a><a  itemprop=\"url\" href=\"https:\/\/www.meterandcontrol.com\/sr\/products\/ami-devices\/sx405d\/\" target=\"_self\" data-hover-background-color=#0066b3  class=\"qbutton  small center white default\" style=\"margin: 5px; background-color: #808080;\">Sx405D RS485<\/a>[\/vc_column_inner][vc_column_inner width=&#8220;1\/3&#8243; css=&#8220;.vc_custom_1602614298352{background-color: #ffffff !important;}&#8220;][vc_single_image image=&#8220;4597&#8243; img_size=&#8220;200&#215;200&#8243; alignment=&#8220;center&#8220; qode_css_animation=&#8220;&#8220;][vc_column_text css=&#8220;.vc_custom_1602780937437{padding-top: 32px !important;padding-bottom: 16px !important;background-color: #ffffff !important;}&#8220;]<span style=\"color: #0066b3;\">Modularna pametna brojila<\/span>[\/vc_column_text]<a  itemprop=\"url\" href=\"https:\/\/www.meterandcontrol.com\/sr\/products\/ami-devices\/flexy\/\" target=\"_self\" data-hover-background-color=#1e73be  class=\"qbutton  small white default\" style=\"margin: 5px; background-color: #808080;\">FLEXY<\/a><a  itemprop=\"url\" href=\"https:\/\/www.meterandcontrol.com\/sr\/products\/ami-devices\/ST310\/\" target=\"_self\" data-hover-background-color=#1e73be  class=\"qbutton  small center white default\" style=\"margin: 5px; background-color: #808080;\">ST310<\/a>[\/vc_column_inner][vc_column_inner width=&#8220;1\/3&#8243; css=&#8220;.vc_custom_1602614280348{background-color: #ffffff !important;}&#8220;][vc_single_image image=&#8220;1471&#8243; img_size=&#8220;200&#215;200&#8243; alignment=&#8220;center&#8220; qode_css_animation=&#8220;&#8220;][vc_column_text css=&#8220;.vc_custom_1602780950375{padding-top: 32px !important;padding-bottom: 16px !important;background-color: #ffffff !important;}&#8220;]<span style=\"color: #0066b3;\">Koncentratori podataka<\/span>[\/vc_column_text]<a  itemprop=\"url\" href=\"https:\/\/www.meterandcontrol.com\/sr\/products\/ami-devices\/coda11\/\" target=\"_self\" data-hover-background-color=#0066b3  class=\"qbutton  small center white default\" style=\"margin: 5px; background-color: #808080;\">CODA11<\/a>[\/vc_column_inner][\/vc_row_inner][vc_empty_space][vc_row_inner row_type=&#8220;row&#8220; type=&#8220;full_width&#8220; text_align=&#8220;center&#8220; css_animation=&#8220;&#8220;][vc_column_inner width=&#8220;1\/3&#8243; css=&#8220;.vc_custom_1602614324477{background-color: #ffffff !important;}&#8220;][vc_single_image image=&#8220;1493&#8243; img_size=&#8220;200&#215;200&#8243; alignment=&#8220;center&#8220; qode_css_animation=&#8220;&#8220;][vc_column_text css=&#8220;.vc_custom_1602780964752{padding-top: 32px !important;padding-bottom: 16px !important;background-color: #ffffff !important;}&#8220;]<span style=\"color: #0066b3;\">Plug-in moduli<\/span>[\/vc_column_text]<a  itemprop=\"url\" href=\"https:\/\/www.meterandcontrol.com\/sr\/products\/ami-devices\/cm1ys\/\" target=\"_self\" data-hover-background-color=#0066b3  class=\"qbutton  small center white default\" style=\"margin: 5px; background-color: #808080;\">CM1yS S-FSK\/G3-PLC<\/a><a  itemprop=\"url\" href=\"https:\/\/www.meterandcontrol.com\/sr\/products\/ami-devices\/cm2ys\/\" target=\"_self\" data-hover-background-color=#0066b3  class=\"qbutton  small center white default\" style=\"margin: 5px; background-color: #808080;\">CM2yS GPRS\/3G\/LTE<\/a><a  itemprop=\"url\" href=\"https:\/\/www.meterandcontrol.com\/sr\/products\/ami-devices\/cm23e\/\" target=\"_self\" data-hover-background-color=#0066b3  class=\"qbutton  small center white default\" style=\"margin: 5px; background-color: #808080;\">CM23E GPRS\/3G<\/a><a  itemprop=\"url\" href=\"https:\/\/www.meterandcontrol.com\/sr\/products\/ami-devices\/sd30s\/\" target=\"_self\" data-hover-background-color=#0066b3  class=\"qbutton  small center white default\" style=\"margin: 5px; background-color: #808080;\">SD30S SKLOPKA<\/a>[\/vc_column_inner][vc_column_inner width=&#8220;1\/3&#8243; css=&#8220;.vc_custom_1602614336179{background-color: #ffffff !important;}&#8220;][vc_single_image image=&#8220;2624&#8243; img_size=&#8220;200&#215;200&#8243; alignment=&#8220;center&#8220; qode_css_animation=&#8220;&#8220;][vc_column_text css=&#8220;.vc_custom_1602780973077{padding-top: 32px !important;padding-bottom: 16px !important;background-color: #ffffff !important;}&#8220;]<span style=\"color: #0066b3;\">Softver<\/span>[\/vc_column_text]<a  itemprop=\"url\" href=\"https:\/\/www.meterandcontrol.com\/sr\/products\/ami-softver\/comet\/\" target=\"_self\" data-hover-background-color=#0066b3  class=\"qbutton  small center default\" style=\"margin: 5px; background-color: #808080;\">COMET<\/a>[\/vc_column_inner][vc_column_inner width=&#8220;1\/3&#8243; css=&#8220;.vc_custom_1602614347966{background-color: #ffffff !important;}&#8220;][vc_single_image image=&#8220;2380&#8243; img_size=&#8220;200&#215;200&#8243; alignment=&#8220;center&#8220; qode_css_animation=&#8220;&#8220;][vc_column_text css=&#8220;.vc_custom_1602780981257{padding-top: 32px !important;padding-bottom: 16px !important;background-color: #ffffff !important;}&#8220;]<span style=\"color: #0066b3;\">Custom solutions<\/span><\/p>\n<p>&nbsp;<\/p>\n<p><span style=\"color: #808080;\"><a style=\"color: #808080;\" href=\"https:\/\/www.meterandcontrol.com\/sr\/custom-solutions\/\">Specifi\u010dna re\u0161enja za nestandardne zahteve kupaca<\/a><\/span>[\/vc_column_text][\/vc_column_inner][\/vc_row_inner][\/vc_column][\/vc_row][vc_row css_animation=&#8220;&#8220; row_type=&#8220;row&#8220; use_row_as_full_screen_section=&#8220;no&#8220; type=&#8220;full_width&#8220; angled_section=&#8220;no&#8220; text_align=&#8220;left&#8220; background_image_as_pattern=&#8220;without_pattern&#8220;][vc_column][vc_empty_space height=&#8220;122px&#8220; el_class=&#8220;mobile-space&#8220;][\/vc_column][\/vc_row]<\/p>\n<\/div>","protected":false},"excerpt":{"rendered":"<p>[vc_row css_animation=&#8220;&#8220; row_type=&#8220;row&#8220; use_row_as_full_screen_section=&#8220;no&#8220; type=&#8220;full_width&#8220; angled_section=&#8220;no&#8220; text_align=&#8220;left&#8220; background_image_as_pattern=&#8220;without_pattern&#8220; row_negative_margin=&#8220;disable_negative_margin&#8220; z_index=&#8220;&#8220; el_class=&#8220;white-box&#8220;][vc_column][vc_column_text el_class=&#8220;home-section-2 p&#8220;] Integrisani proces istra\u017eivanja, razvoja, proizvodnje i verifikacije&#8230;<\/p>\n","protected":false},"author":2,"featured_media":0,"parent":0,"menu_order":0,"comment_status":"closed","ping_status":"closed","template":"","meta":{"_acf_changed":false,"inline_featured_image":false,"footnotes":""},"class_list":["post-806","page","type-page","status-publish","hentry"],"acf":[],"_links":{"self":[{"href":"https:\/\/www.meterandcontrol.com\/sr\/wp-json\/wp\/v2\/pages\/806","targetHints":{"allow":["GET"]}}],"collection":[{"href":"https:\/\/www.meterandcontrol.com\/sr\/wp-json\/wp\/v2\/pages"}],"about":[{"href":"https:\/\/www.meterandcontrol.com\/sr\/wp-json\/wp\/v2\/types\/page"}],"author":[{"embeddable":true,"href":"https:\/\/www.meterandcontrol.com\/sr\/wp-json\/wp\/v2\/users\/2"}],"replies":[{"embeddable":true,"href":"https:\/\/www.meterandcontrol.com\/sr\/wp-json\/wp\/v2\/comments?post=806"}],"version-history":[{"count":59,"href":"https:\/\/www.meterandcontrol.com\/sr\/wp-json\/wp\/v2\/pages\/806\/revisions"}],"predecessor-version":[{"id":4557,"href":"https:\/\/www.meterandcontrol.com\/sr\/wp-json\/wp\/v2\/pages\/806\/revisions\/4557"}],"wp:attachment":[{"href":"https:\/\/www.meterandcontrol.com\/sr\/wp-json\/wp\/v2\/media?parent=806"}],"curies":[{"name":"wp","href":"https:\/\/api.w.org\/{rel}","templated":true}]}}