{"id":815,"date":"2018-07-17T16:05:51","date_gmt":"2018-07-17T16:05:51","guid":{"rendered":"https:\/\/www.meterandcontrol.com\/?page_id=815"},"modified":"2023-02-26T11:23:43","modified_gmt":"2023-02-26T11:23:43","slug":"sx401","status":"publish","type":"page","link":"https:\/\/www.meterandcontrol.com\/sr\/products\/ami-devices\/sx401\/","title":{"rendered":"Sx401"},"content":{"rendered":"<div class=\"wpb-content-wrapper\"><p>[vc_row css_animation=&#8220;&#8220; row_type=&#8220;row&#8220; use_row_as_full_screen_section=&#8220;no&#8220; type=&#8220;full_width&#8220; angled_section=&#8220;no&#8220; text_align=&#8220;left&#8220; background_image_as_pattern=&#8220;without_pattern&#8220; row_negative_margin=&#8220;disable_negative_margin&#8220; padding_top=&#8220;40&#8243; padding_bottom=&#8220;70&#8243; z_index=&#8220;&#8220;][vc_column width=&#8220;1\/3&#8243;]<div class=\"qode-advanced-image-gallery  qode-aig-slider-type qode-large-space   \">\n\t<div class=\"qode-aig-slider qode-owl-slider\" data-number-of-items=\"1\" data-enable-loop=\"yes\" data-enable-autoplay=\"yes\" data-slider-speed=\"5000\" data-slider-speed-animation=\"600\" data-slider-padding=\"no\" data-enable-navigation=\"no\" data-enable-pagination=\"yes\">\n\t\t\t\t\t<div class=\"qode-aig-image\">\n\t\t\t\t\t\t\t\t\t<img loading=\"lazy\" decoding=\"async\" width=\"590\" height=\"600\" src=\"https:\/\/www.meterandcontrol.com\/wp-content\/uploads\/2020\/10\/MeterControl-ST401-S-FSK-pametno-brojilo.jpg\" class=\"attachment-full size-full\" alt=\"MeterControl ST401 S-FSK pametno brojilo\" srcset=\"https:\/\/www.meterandcontrol.com\/wp-content\/uploads\/2020\/10\/MeterControl-ST401-S-FSK-pametno-brojilo.jpg 590w, https:\/\/www.meterandcontrol.com\/wp-content\/uploads\/2020\/10\/MeterControl-ST401-S-FSK-pametno-brojilo-295x300.jpg 295w\" sizes=\"auto, (max-width: 590px) 100vw, 590px\" \/>\t\t\t\t\t<span class=\"aig-gallery-hover\">\n\t\t\t\t\t\t\t\t\t\t\t<\/span>\n\t\t\t\t\t\t\t<\/div>\n\t\t\t\t\t<div class=\"qode-aig-image\">\n\t\t\t\t\t\t\t\t\t<img loading=\"lazy\" decoding=\"async\" width=\"590\" height=\"600\" src=\"https:\/\/www.meterandcontrol.com\/wp-content\/uploads\/2019\/01\/MeterControl-SM401-S-FSK-pametno-brojilo.jpg\" class=\"attachment-full size-full\" alt=\"MeterControl SM401 S-FSK pametno brojilo\" srcset=\"https:\/\/www.meterandcontrol.com\/wp-content\/uploads\/2019\/01\/MeterControl-SM401-S-FSK-pametno-brojilo.jpg 590w, https:\/\/www.meterandcontrol.com\/wp-content\/uploads\/2019\/01\/MeterControl-SM401-S-FSK-pametno-brojilo-295x300.jpg 295w\" sizes=\"auto, (max-width: 590px) 100vw, 590px\" \/>\t\t\t\t\t<span class=\"aig-gallery-hover\">\n\t\t\t\t\t\t\t\t\t\t\t<\/span>\n\t\t\t\t\t\t\t<\/div>\n\t\t\t<\/div>\n<\/div>[vc_empty_space height=&#8220;60px&#8220;][vc_widget_sidebar sidebar_id=&#8220;integrated-sm&#8220;][\/vc_column][vc_column width=&#8220;2\/3&#8243;][vc_row_inner row_type=&#8220;row&#8220; type=&#8220;full_width&#8220; text_align=&#8220;left&#8220; side_padding=&#8220;1&#8243; css_animation=&#8220;&#8220;][vc_column_inner][vc_column_text]<\/p>\n<h1>Sx401<\/h1>\n<p>[\/vc_column_text][vc_column_text]<span style=\"color: #808080;\"><strong>PLC modem i prekida\u010dki modul<br \/>\n<\/strong><\/span>[\/vc_column_text][vc_empty_space][vc_single_image image=&#8220;3144&#8243; img_size=&#8220;full&#8220; qode_css_animation=&#8220;&#8220;][vc_empty_space][vc_column_text]<span style=\"color: #808080;\">Sx401 je serija trofaznih i monofaznih brojila za merenje elektri\u010dne energije kod korisnika iz kategorije doma\u0107instava kao i kod komercijalnih i industrijskih korisnika. Brojila poseduju integrisane komunikacione i prekida\u010dke module za daljinsko o\u010ditavanje i upravljanje potro\u0161njom preko PLC koncentratora podataka (S-FSK). Monofazna brojila se vezuju direktno na mre\u017eu, dok se trofazna brojila mogu vezivati direktno ili preko strujnog transformatora. Sve funkcije su uskla\u0111ene sa slede\u0107im standardima i specifikacijama: IDIS, DLMS\/COSEM, IEC 62052-11, IEC 62053-21\/22\/23, EN 50470-1\/3 (MID), ITU G.9903\/08-2017 (G3-PLC) i M-Bus.<\/span>[\/vc_column_text][vc_empty_space][vc_column_text]<\/p>\n<p class=\"p1\"><span class=\"s1\" style=\"color: #005aa7;\"><b>Glavne karakteristike<br \/>\n<\/b><\/span><\/p>\n<p>[\/vc_column_text][vc_empty_space height=&#8220;16px&#8220;][vc_column_text el_class=&#8220;bullets&#8220;]<\/p>\n<ul>\n<li><span style=\"color: #808080;\">Integrisani PLC (S-FSK) modem i sklopka<\/span><\/li>\n<li><span style=\"color: #808080;\">IDIS interoperabilnost<\/span><\/li>\n<li><span style=\"color: #808080;\">DLMS\/COSEM<\/span><\/li>\n<li><span style=\"color: #808080;\">MID sertifikat<\/span><\/li>\n<li><span style=\"color: #808080;\">Interni \u010dasovnik sa DST<\/span><\/li>\n<li><span style=\"color: #808080;\">Fleksibilno tarifiranje sa do 4 tarife<\/span><\/li>\n<li><span style=\"color: #808080;\">Maksimalna snaga<\/span><\/li>\n<li><span style=\"color: #808080;\">Opti\u010dki port<\/span><\/li>\n<li><span style=\"color: #808080;\">Detekcija naru\u0161avanja integriteta brojila<\/span><\/li>\n<li><span style=\"color: #808080;\">O\u010ditavanje i parametrizacija u beznaponskom stanju<\/span><\/li>\n<\/ul>\n<p>[\/vc_column_text][vc_empty_space height=&#8220;35px&#8220;]<a  itemprop=\"url\" href=\"https:\/\/www.meterandcontrol.com\/wp-content\/uploads\/2022\/09\/MeterControl-Sx40y-integrisana-pametna-brojila.pdf\" target=\"_self\" data-hover-background-color=#6c1583 data-hover-border-color=rgba(0,0,0,0.01)  class=\"qbutton  large center default\" style=\"color: #ffffff; border-color: rgba(0,0,0,0.01); font-style: normal; font-weight: 600; text-transform: none; font-size: 16px; letter-spacing: 0px; border-radius: 0px;-moz-border-radius: 0px;-webkit-border-radius: 0px; background-color: #005aa7;\">Preuzmite prospekt<i class=\"qode_icon_font_awesome fa fa-download qode_button_icon_element\" style=\"\" ><\/i><\/a>[\/vc_column_inner][\/vc_row_inner][\/vc_column][\/vc_row]<\/p>\n<\/div>","protected":false},"excerpt":{"rendered":"<p>[vc_row css_animation=&#8220;&#8220; row_type=&#8220;row&#8220; use_row_as_full_screen_section=&#8220;no&#8220; type=&#8220;full_width&#8220; angled_section=&#8220;no&#8220; text_align=&#8220;left&#8220; background_image_as_pattern=&#8220;without_pattern&#8220; row_negative_margin=&#8220;disable_negative_margin&#8220; padding_top=&#8220;40&#8243; padding_bottom=&#8220;70&#8243; z_index=&#8220;&#8220;][vc_column width=&#8220;1\/3&#8243;][vc_empty_space height=&#8220;60px&#8220;][vc_widget_sidebar sidebar_id=&#8220;integrated-sm&#8220;][\/vc_column][vc_column width=&#8220;2\/3&#8243;][vc_row_inner row_type=&#8220;row&#8220; type=&#8220;full_width&#8220; text_align=&#8220;left&#8220; side_padding=&#8220;1&#8243;&#8230;<\/p>\n","protected":false},"author":2,"featured_media":0,"parent":809,"menu_order":0,"comment_status":"closed","ping_status":"closed","template":"","meta":{"_acf_changed":false,"inline_featured_image":false,"footnotes":""},"class_list":["post-815","page","type-page","status-publish","hentry"],"acf":[],"_links":{"self":[{"href":"https:\/\/www.meterandcontrol.com\/sr\/wp-json\/wp\/v2\/pages\/815","targetHints":{"allow":["GET"]}}],"collection":[{"href":"https:\/\/www.meterandcontrol.com\/sr\/wp-json\/wp\/v2\/pages"}],"about":[{"href":"https:\/\/www.meterandcontrol.com\/sr\/wp-json\/wp\/v2\/types\/page"}],"author":[{"embeddable":true,"href":"https:\/\/www.meterandcontrol.com\/sr\/wp-json\/wp\/v2\/users\/2"}],"replies":[{"embeddable":true,"href":"https:\/\/www.meterandcontrol.com\/sr\/wp-json\/wp\/v2\/comments?post=815"}],"version-history":[{"count":33,"href":"https:\/\/www.meterandcontrol.com\/sr\/wp-json\/wp\/v2\/pages\/815\/revisions"}],"predecessor-version":[{"id":4340,"href":"https:\/\/www.meterandcontrol.com\/sr\/wp-json\/wp\/v2\/pages\/815\/revisions\/4340"}],"up":[{"embeddable":true,"href":"https:\/\/www.meterandcontrol.com\/sr\/wp-json\/wp\/v2\/pages\/809"}],"wp:attachment":[{"href":"https:\/\/www.meterandcontrol.com\/sr\/wp-json\/wp\/v2\/media?parent=815"}],"curies":[{"name":"wp","href":"https:\/\/api.w.org\/{rel}","templated":true}]}}