{"id":852,"date":"2018-07-17T16:53:34","date_gmt":"2018-07-17T16:53:34","guid":{"rendered":"https:\/\/www.meterandcontrol.com\/?page_id=852"},"modified":"2024-06-20T14:34:38","modified_gmt":"2024-06-20T14:34:38","slug":"comet","status":"publish","type":"page","link":"https:\/\/www.meterandcontrol.com\/sr\/products\/ami-softver\/comet\/","title":{"rendered":"COMET"},"content":{"rendered":"<div class=\"wpb-content-wrapper\"><p>[vc_row css_animation=&#8220;&#8220; row_type=&#8220;row&#8220; use_row_as_full_screen_section=&#8220;no&#8220; type=&#8220;full_width&#8220; angled_section=&#8220;no&#8220; text_align=&#8220;left&#8220; background_image_as_pattern=&#8220;without_pattern&#8220; row_negative_margin=&#8220;disable_negative_margin&#8220; padding_top=&#8220;40&#8243; padding_bottom=&#8220;70&#8243; z_index=&#8220;&#8220;][vc_column width=&#8220;1\/3&#8243;]<div class=\"qode-advanced-image-gallery  qode-aig-slider-type qode-large-space   \">\n\t<div class=\"qode-aig-slider qode-owl-slider\" data-number-of-items=\"1\" data-enable-loop=\"yes\" data-enable-autoplay=\"yes\" data-slider-speed=\"5000\" data-slider-speed-animation=\"600\" data-slider-padding=\"no\" data-enable-navigation=\"no\" data-enable-pagination=\"yes\">\n\t\t\t\t\t<div class=\"qode-aig-image\">\n\t\t\t\t\t\t\t\t\t<img loading=\"lazy\" decoding=\"async\" width=\"800\" height=\"602\" src=\"https:\/\/www.meterandcontrol.com\/wp-content\/uploads\/2019\/01\/MeterControl-COMET-HES-softver.jpg\" class=\"attachment-full size-full\" alt=\"MeterControl COMET HES softver\" srcset=\"https:\/\/www.meterandcontrol.com\/wp-content\/uploads\/2019\/01\/MeterControl-COMET-HES-softver.jpg 800w, https:\/\/www.meterandcontrol.com\/wp-content\/uploads\/2019\/01\/MeterControl-COMET-HES-softver-300x226.jpg 300w, https:\/\/www.meterandcontrol.com\/wp-content\/uploads\/2019\/01\/MeterControl-COMET-HES-softver-768x578.jpg 768w, https:\/\/www.meterandcontrol.com\/wp-content\/uploads\/2019\/01\/MeterControl-COMET-HES-softver-700x527.jpg 700w\" sizes=\"auto, (max-width: 800px) 100vw, 800px\" \/>\t\t\t\t\t<span class=\"aig-gallery-hover\">\n\t\t\t\t\t\t\t\t\t\t\t<\/span>\n\t\t\t\t\t\t\t<\/div>\n\t\t\t<\/div>\n<\/div>[vc_empty_space height=&#8220;60px&#8220;][vc_widget_sidebar sidebar_id=&#8220;Software&#8220;][\/vc_column][vc_column width=&#8220;2\/3&#8243;][vc_row_inner row_type=&#8220;row&#8220; type=&#8220;full_width&#8220; text_align=&#8220;left&#8220; side_padding=&#8220;1&#8243; css_animation=&#8220;&#8220;][vc_column_inner][vc_column_text]<\/p>\n<h1><span class=\"TextRun SCXW84929556\" lang=\"EN-GB\" xml:lang=\"EN-GB\"><span class=\"NormalTextRun SCXW84929556\">COMET<\/span><\/span><\/h1>\n<p>[\/vc_column_text][vc_column_text]<span style=\"color: #808080;\"><strong>HES softver za daljinsko o\u010ditavanje, parametrizaciju i upravljanje potro\u0161njom<\/strong><\/span>[\/vc_column_text][vc_empty_space][vc_single_image image=&#8220;3212&#8243; img_size=&#8220;full&#8220; qode_css_animation=&#8220;&#8220;][vc_empty_space][vc_column_text]<span style=\"color: #808080;\">COMET je napredni AMI softver za daljinsko o\u010ditavanje, parametrizaciju i upravljanje pametnim brojilima, koncentratorima podataka i komunikacionim modulima. AMI funkcije se mogu izvr\u0161avati automatski, po zadatom rasporedu, ili na zahtev AMI centra. COMET podr\u017eava konfiguraciju administratorskih i korisni\u010dkih naloga, AMI ure\u0111aje drugih proizvo\u0111a\u010da i koristi web service, DLMS\/COSEM i IP protokole za komunikaciju. COMET obezbe\u0111uje i web servis interfejs prema drugim biznis aplikacijama, kao \u0161to su MDM, Billing, CRM, SAP, GIS i druge.<\/span>[\/vc_column_text][vc_empty_space][vc_column_text]<\/p>\n<p class=\"p1\"><span class=\"s1\" style=\"color: #005aa7;\"><b>Glavne karakteristike<br \/>\n<\/b><\/span><\/p>\n<p>[\/vc_column_text][vc_empty_space height=&#8220;16px&#8220;][vc_column_text el_class=&#8220;bullets&#8220;]<\/p>\n<ul>\n<li><span style=\"color: #808080;\">Administracija<\/span><\/li>\n<li><span style=\"color: #808080;\">O\u010ditavanje, sakupljanje i \u010duvanje podataka<\/span><\/li>\n<li><span style=\"color: #808080;\">Parametrizacija AMI ure\u0111aja<\/span><\/li>\n<li><span style=\"color: #808080;\">Upravljanje potro\u0161njom<\/span><\/li>\n<li><span style=\"color: #808080;\">Izrada izve\u0161taja<\/span><\/li>\n<li><span style=\"color: #808080;\">Rad po zadatom rasporedu<\/span><\/li>\n<li><span style=\"color: #808080;\">Rad na zahtev AMI centra<\/span><\/li>\n<li><span style=\"color: #808080;\">Interfejs prema biznis aplikacijama<\/span><\/li>\n<li><span style=\"color: #808080;\">Interoperabilnost<\/span><\/li>\n<li><span style=\"color: #808080;\">Skalabilnost<\/span><\/li>\n<\/ul>\n<p>[\/vc_column_text][vc_empty_space height=&#8220;35px&#8220;]<a  itemprop=\"url\" href=\"https:\/\/www.meterandcontrol.com\/wp-content\/uploads\/2024\/06\/MeterControl-COMET-AMM-softver.pdf\" target=\"_self\" data-hover-background-color=#6c1583 data-hover-border-color=rgba(0,0,0,0.01)  class=\"qbutton  large center default\" style=\"color: #ffffff; border-color: rgba(0,0,0,0.01); font-style: normal; font-weight: 600; text-transform: none; font-size: 16px; letter-spacing: 0px; border-radius: 0px;-moz-border-radius: 0px;-webkit-border-radius: 0px; background-color: #005aa7;\">Preuzmite prospekt<i class=\"qode_icon_font_awesome fa fa-download qode_button_icon_element\" style=\"\" ><\/i><\/a>[\/vc_column_inner][\/vc_row_inner][\/vc_column][\/vc_row]<\/p>\n<\/div>","protected":false},"excerpt":{"rendered":"<p>[vc_row css_animation=&#8220;&#8220; row_type=&#8220;row&#8220; use_row_as_full_screen_section=&#8220;no&#8220; type=&#8220;full_width&#8220; angled_section=&#8220;no&#8220; text_align=&#8220;left&#8220; background_image_as_pattern=&#8220;without_pattern&#8220; row_negative_margin=&#8220;disable_negative_margin&#8220; padding_top=&#8220;40&#8243; padding_bottom=&#8220;70&#8243; z_index=&#8220;&#8220;][vc_column width=&#8220;1\/3&#8243;][vc_empty_space height=&#8220;60px&#8220;][vc_widget_sidebar sidebar_id=&#8220;Software&#8220;][\/vc_column][vc_column width=&#8220;2\/3&#8243;][vc_row_inner row_type=&#8220;row&#8220; type=&#8220;full_width&#8220; text_align=&#8220;left&#8220; side_padding=&#8220;1&#8243;&#8230;<\/p>\n","protected":false},"author":2,"featured_media":0,"parent":850,"menu_order":0,"comment_status":"closed","ping_status":"closed","template":"","meta":{"_acf_changed":false,"inline_featured_image":false,"footnotes":""},"class_list":["post-852","page","type-page","status-publish","hentry"],"acf":[],"_links":{"self":[{"href":"https:\/\/www.meterandcontrol.com\/sr\/wp-json\/wp\/v2\/pages\/852","targetHints":{"allow":["GET"]}}],"collection":[{"href":"https:\/\/www.meterandcontrol.com\/sr\/wp-json\/wp\/v2\/pages"}],"about":[{"href":"https:\/\/www.meterandcontrol.com\/sr\/wp-json\/wp\/v2\/types\/page"}],"author":[{"embeddable":true,"href":"https:\/\/www.meterandcontrol.com\/sr\/wp-json\/wp\/v2\/users\/2"}],"replies":[{"embeddable":true,"href":"https:\/\/www.meterandcontrol.com\/sr\/wp-json\/wp\/v2\/comments?post=852"}],"version-history":[{"count":21,"href":"https:\/\/www.meterandcontrol.com\/sr\/wp-json\/wp\/v2\/pages\/852\/revisions"}],"predecessor-version":[{"id":4680,"href":"https:\/\/www.meterandcontrol.com\/sr\/wp-json\/wp\/v2\/pages\/852\/revisions\/4680"}],"up":[{"embeddable":true,"href":"https:\/\/www.meterandcontrol.com\/sr\/wp-json\/wp\/v2\/pages\/850"}],"wp:attachment":[{"href":"https:\/\/www.meterandcontrol.com\/sr\/wp-json\/wp\/v2\/media?parent=852"}],"curies":[{"name":"wp","href":"https:\/\/api.w.org\/{rel}","templated":true}]}}