{"id":856,"date":"2018-07-17T16:57:11","date_gmt":"2018-07-17T16:57:11","guid":{"rendered":"https:\/\/www.meterandcontrol.com\/?page_id=856"},"modified":"2020-10-19T12:19:53","modified_gmt":"2020-10-19T12:19:53","slug":"usluge","status":"publish","type":"page","link":"https:\/\/www.meterandcontrol.com\/sr\/usluge\/","title":{"rendered":"Usluge"},"content":{"rendered":"<div class=\"wpb-content-wrapper\"><p>[vc_row css_animation=&#8220;&#8220; row_type=&#8220;row&#8220; use_row_as_full_screen_section=&#8220;no&#8220; type=&#8220;full_width&#8220; angled_section=&#8220;no&#8220; text_align=&#8220;left&#8220; background_image=&#8220;674&#8243; background_image_as_pattern=&#8220;without_pattern&#8220; row_negative_margin=&#8220;disable_negative_margin&#8220; padding_top=&#8220;200&#8243; padding_bottom=&#8220;200&#8243; z_index=&#8220;&#8220;][vc_column][vc_row_inner row_type=&#8220;row&#8220; type=&#8220;grid&#8220; text_align=&#8220;left&#8220; row_negative_margin=&#8220;disable_negative_margin&#8220; css_animation=&#8220;&#8220;][vc_column_inner][vc_column_text el_class=&#8220;main-title h1&#8243;]<\/p>\n<h1>Ekspertiza i konsalting<\/h1>\n<p>[\/vc_column_text][\/vc_column_inner][\/vc_row_inner][\/vc_column][\/vc_row][vc_row css_animation=&#8220;&#8220; row_type=&#8220;row&#8220; use_row_as_full_screen_section=&#8220;no&#8220; type=&#8220;full_width&#8220; angled_section=&#8220;no&#8220; text_align=&#8220;left&#8220; background_image_as_pattern=&#8220;without_pattern&#8220;][vc_column][vc_empty_space height=&#8220;50px&#8220; el_class=&#8220;mobile-space&#8220;][\/vc_column][\/vc_row][vc_row css_animation=&#8220;&#8220; row_type=&#8220;row&#8220; use_row_as_full_screen_section=&#8220;no&#8220; type=&#8220;grid&#8220; angled_section=&#8220;no&#8220; text_align=&#8220;left&#8220; background_image_as_pattern=&#8220;without_pattern&#8220; row_negative_margin=&#8220;disable_negative_margin&#8220; z_index=&#8220;&#8220;][vc_column][qode_elements_holder number_of_columns=&#8220;one_column&#8220; switch_to_one_column=&#8220;768&#8243; alignment_one_column=&#8220;left&#8220;][qode_elements_holder_item background_color=&#8220;#ffffff&#8220; item_padding=&#8220;80px 80px 80px 80px&#8220; vertical_alignment=&#8220;top&#8220; advanced_animations=&#8220;no&#8220; item_padding_600_768=&#8220;20px 20px 20px 20px&#8220; item_padding_480_600=&#8220;20px 20px 20px 20px&#8220; item_padding_480=&#8220;20px 20px 20px 20px&#8220;][vc_column_text el_class=&#8220;home-section-2 p&#8220;]Meter&amp;Control pru\u017ea kupcima niz ekspertskih i konsultantskih usluga i tako im poma\u017ee da postignu boju ekonomi\u010dnost i odr\u017eivost u planiranju i upravljanju AMI sistemima.[\/vc_column_text][vc_empty_space][vc_column_text el_class=&#8220;home-section-2 p&#8220;]Ovla\u0161\u0107eno i akreditovano telo[\/vc_column_text][vc_empty_space][vc_column_text]<span style=\"color: #808080;\">Testiranje i overavanje stati\u010dnih i elektromehani\u010dkih brojila za elektri\u010dnu energiju svih tipova i klasa ta\u010dnosti (0.2S, 0.5S, 1, 2 i 3), uklju\u010duju\u0107i aktivnu i reaktivnu energiju.<\/span>[\/vc_column_text][vc_empty_space][vc_column_text el_class=&#8220;home-section-2 p&#8220;]Ispitivanje[\/vc_column_text][vc_empty_space][vc_column_text]<span style=\"color: #808080;\">Ekspertiza i ve\u0161ta\u010denje brojila za elektri\u010dnu energiju: metrolo\u0161ke i funkcionalne karakteristike, o\u010ditavanje i analiza podataka iz brojila, ispitivanje elektronskih i elektromehani\u010dkih sklopova, ispitivanje vizuelnog i fizi\u010dkog integriteta.<\/span>[\/vc_column_text][vc_empty_space][vc_column_text el_class=&#8220;home-section-2 p&#8220;]Daljinsko upravljanje[\/vc_column_text][vc_empty_space][vc_column_text]<span style=\"color: #808080;\">Daljinsko o\u010ditavanje ure\u0111aja, parametrizacija, sakupljanje i isporu\u010divanje podataka kupcima.<\/span>[\/vc_column_text][vc_empty_space][vc_column_text el_class=&#8220;home-section-2 p&#8220;]Konsalting[\/vc_column_text][vc_empty_space][vc_column_text]<span style=\"color: #808080;\">Savetodavne usluge u oblasti tehni\u010dkih specifikacija, projektovanja, implementacije i upravljanja AMI sistemima i pametnim mre\u017eama.<\/span>[\/vc_column_text][\/qode_elements_holder_item][\/qode_elements_holder][\/vc_column][\/vc_row][vc_row css_animation=&#8220;&#8220; row_type=&#8220;row&#8220; use_row_as_full_screen_section=&#8220;no&#8220; type=&#8220;full_width&#8220; angled_section=&#8220;no&#8220; text_align=&#8220;left&#8220; background_image_as_pattern=&#8220;without_pattern&#8220;][vc_column][vc_empty_space height=&#8220;50px&#8220; el_class=&#8220;mobile-space&#8220;][\/vc_column][\/vc_row]<\/p>\n<\/div>","protected":false},"excerpt":{"rendered":"<p>[vc_row css_animation=&#8220;&#8220; row_type=&#8220;row&#8220; use_row_as_full_screen_section=&#8220;no&#8220; type=&#8220;full_width&#8220; angled_section=&#8220;no&#8220; text_align=&#8220;left&#8220; background_image=&#8220;674&#8243; background_image_as_pattern=&#8220;without_pattern&#8220; row_negative_margin=&#8220;disable_negative_margin&#8220; padding_top=&#8220;200&#8243; padding_bottom=&#8220;200&#8243; z_index=&#8220;&#8220;][vc_column][vc_row_inner row_type=&#8220;row&#8220; type=&#8220;grid&#8220; text_align=&#8220;left&#8220; row_negative_margin=&#8220;disable_negative_margin&#8220; css_animation=&#8220;&#8220;][vc_column_inner][vc_column_text el_class=&#8220;main-title h1&#8243;]&#8230;<\/p>\n","protected":false},"author":2,"featured_media":0,"parent":0,"menu_order":0,"comment_status":"closed","ping_status":"closed","template":"full_width.php","meta":{"_acf_changed":false,"inline_featured_image":false,"footnotes":""},"class_list":["post-856","page","type-page","status-publish","hentry"],"acf":[],"_links":{"self":[{"href":"https:\/\/www.meterandcontrol.com\/sr\/wp-json\/wp\/v2\/pages\/856","targetHints":{"allow":["GET"]}}],"collection":[{"href":"https:\/\/www.meterandcontrol.com\/sr\/wp-json\/wp\/v2\/pages"}],"about":[{"href":"https:\/\/www.meterandcontrol.com\/sr\/wp-json\/wp\/v2\/types\/page"}],"author":[{"embeddable":true,"href":"https:\/\/www.meterandcontrol.com\/sr\/wp-json\/wp\/v2\/users\/2"}],"replies":[{"embeddable":true,"href":"https:\/\/www.meterandcontrol.com\/sr\/wp-json\/wp\/v2\/comments?post=856"}],"version-history":[{"count":4,"href":"https:\/\/www.meterandcontrol.com\/sr\/wp-json\/wp\/v2\/pages\/856\/revisions"}],"predecessor-version":[{"id":2830,"href":"https:\/\/www.meterandcontrol.com\/sr\/wp-json\/wp\/v2\/pages\/856\/revisions\/2830"}],"wp:attachment":[{"href":"https:\/\/www.meterandcontrol.com\/sr\/wp-json\/wp\/v2\/media?parent=856"}],"curies":[{"name":"wp","href":"https:\/\/api.w.org\/{rel}","templated":true}]}}